{"id":9905,"date":"2023-08-21T16:11:09","date_gmt":"2023-08-21T15:11:09","guid":{"rendered":"https:\/\/parascolaire.ma\/?page_id=9905"},"modified":"2024-05-29T10:58:40","modified_gmt":"2024-05-29T09:58:40","slug":"doc-connecter-zoom","status":"publish","type":"page","link":"https:\/\/parascolaire.ma\/en\/doc-connecter-zoom\/","title":{"rendered":"Documentation: Conducting Zoom Sessions"},"content":{"rendered":"<div class=\"wp-block-qubely-row qubely-section qubely-block-b1eaef\"><div class=\"qubely-row-overlay\"><\/div><div class=\"qubely-container\"><div class=\"qubely-row\">\n<div class=\"wp-block-qubely-column qubely-column qubely-column-front qubely-block-2e27c0\"><div class=\"qubely-column-inner\">\n<div class=\"wp-block-qubely-heading qubely-block-966360\"><div class=\"qubely-block-heading\"><div class=\"qubely-heading-container\"><h2 class=\"qubely-heading-selector\"><span style=\"background-color: #090580;\" data=\"#090580\" class=\"qubely-text-has-bgcolor\">\ud83c\udfa6 How to Connect Zoom in an Activity?<\/span><\/h2><\/div><\/div><\/div>\n<\/div><\/div>\n<\/div><\/div><\/div>\n\n\n\n<div class=\"wp-block-qubely-text qubely-block-74eceb\"><div class=\"qubely-block-text\"><div class=\"qubely-block-text-title-container  qubely-separator-position-top\"><div class=\"qubely-block-text-title-inner\"><h2 class=\"qubely-block-text-title\"><\/h2><\/div><\/div><p>Zoom integration with Afterschool allows organizers to deliver live lessons and meetings to create a more interactive activity experience.<\/p><\/div><\/div>\n\n\n\n<div class=\"wp-block-qubely-image qubely-block-a38685\"><div class=\"qubely-block-image  qubely-image-layout-simple\"><div class=\"qubely-image-media qubely-vertical-alignment-center qubely-horizontal-alignment-center\"><figure><div class=\"qubely-image-container\"><img data-recalc-dims=\"1\" decoding=\"async\" class=\"qubely-image-image\" src=\"https:\/\/i0.wp.com\/parascolaire.ma\/wp-content\/uploads\/2023\/08\/documentation-pics-2-e1692648650269.png?w=1140&#038;ssl=1\" srcset=\"https:\/\/parascolaire.ma\/wp-content\/uploads\/2023\/08\/documentation-pics-2-e1692648650269.png 1x, https:\/\/parascolaire.ma\/wp-content\/uploads\/2023\/08\/documentation-pics-2-e1692648437285.png 2x\" alt=\"\"\/><\/div><\/figure><\/div><\/div><\/div>\n\n\n\n<div class=\"wp-block-qubely-text qubely-block-20e989\"><div class=\"qubely-block-text\"><div class=\"qubely-block-text-title-container  qubely-separator-position-top\"><div class=\"qubely-block-text-title-inner\"><h2 class=\"qubely-block-text-title\"><span style=\"color: #1d19b0;\" data=\"#1d19b0\" class=\"qubely-text-has-color\">Create a Zoom account <\/span><\/h2><\/div><\/div><p>To get started, you&#039;ll first need to create a Zoom account. Head over to the Zoom website and sign up for an account.<\/p><\/div><\/div>\n\n\n\n<div class=\"wp-block-qubely-image qubely-block-3643e9\"><div class=\"qubely-block-image  qubely-image-layout-simple\"><div class=\"qubely-image-media qubely-vertical-alignment-center qubely-horizontal-alignment-center\"><figure><div class=\"qubely-image-container\"><img data-recalc-dims=\"1\" decoding=\"async\" class=\"qubely-image-image\" src=\"https:\/\/i0.wp.com\/parascolaire.ma\/wp-content\/uploads\/2023\/08\/ppage2-e1692653382258.png?w=1140&#038;ssl=1\" srcset=\"https:\/\/parascolaire.ma\/wp-content\/uploads\/2023\/08\/ppage2-e1692653382258.png 1x, https:\/\/parascolaire.ma\/wp-content\/uploads\/2023\/08\/ppage2-e1692653382258.png 2x\" alt=\"\"\/><\/div><\/figure><\/div><\/div><\/div>\n\n\n\n<div class=\"wp-block-qubely-text qubely-block-103b7c\"><div class=\"qubely-block-text\"><div class=\"qubely-block-text-title-container  qubely-separator-position-top\"><div class=\"qubely-block-text-title-inner\"><h2 class=\"qubely-block-text-title\"><span style=\"color: #1d19b0;\" data=\"#1d19b0\" class=\"qubely-text-has-color\">Create a Server-to-Server OAuth Application<\/span><\/h2><\/div><\/div><p>After creating an account, you need to create an application that will connect Afterschool to Zoom.<br><br>Step 1. Go to the Zoom App Marketplace Developer Dashboard (https:\/\/marketplace.zoom.us\/develop) and log in with your Zoom account.<\/p><\/div><\/div>\n\n\n\n<div class=\"wp-block-qubely-image qubely-block-87d27a\"><div class=\"qubely-block-image  qubely-image-layout-simple\"><div class=\"qubely-image-media qubely-vertical-alignment-center qubely-horizontal-alignment-center\"><figure><div class=\"qubely-image-container\"><img data-recalc-dims=\"1\" decoding=\"async\" class=\"qubely-image-image\" src=\"https:\/\/i0.wp.com\/parascolaire.ma\/wp-content\/uploads\/2023\/08\/page3-e1692651225782.png?w=1140&#038;ssl=1\" srcset=\"https:\/\/parascolaire.ma\/wp-content\/uploads\/2023\/08\/page3-e1692651225782.png 1x, https:\/\/parascolaire.ma\/wp-content\/uploads\/2023\/08\/page3-e1692649344279.png 2x\" alt=\"\"\/><\/div><\/figure><\/div><\/div><\/div>\n\n\n\n<div class=\"wp-block-qubely-text qubely-block-50a517\"><div class=\"qubely-block-text\"><div class=\"qubely-block-text-title-container  qubely-separator-position-top\"><div class=\"qubely-block-text-title-inner\"><h2 class=\"qubely-block-text-title\"><\/h2><\/div><\/div><p>Step 2. Scroll down to find \u201cServer-to-Server\u201d. Click \u201cCreate\u201d under the Server-to-Server OAuth App type.<\/p><\/div><\/div>\n\n\n\n<div class=\"wp-block-qubely-image qubely-block-c13bc3\"><div class=\"qubely-block-image  qubely-image-layout-simple\"><div class=\"qubely-image-media qubely-vertical-alignment-center qubely-horizontal-alignment-center\"><figure><div class=\"qubely-image-container\"><img data-recalc-dims=\"1\" decoding=\"async\" class=\"qubely-image-image\" src=\"https:\/\/i0.wp.com\/parascolaire.ma\/wp-content\/uploads\/2023\/08\/page4-1-e1692649784846.png?w=1140&#038;ssl=1\" srcset=\"https:\/\/parascolaire.ma\/wp-content\/uploads\/2023\/08\/page4-1-e1692649784846.png 1x, https:\/\/parascolaire.ma\/wp-content\/uploads\/2023\/08\/page4-1-e1692649784846.png 2x\" alt=\"\"\/><\/div><\/figure><\/div><\/div><\/div>\n\n\n\n<div class=\"wp-block-qubely-text qubely-block-1818ea\"><div class=\"qubely-block-text\"><div class=\"qubely-block-text-title-container  qubely-separator-position-top\"><div class=\"qubely-block-text-title-inner\"><h2 class=\"qubely-block-text-title\"><\/h2><\/div><\/div><p>Step 3. Fill in the \u201cApplication Name\u201d field and click \u201cCreate\u201d (You may receive an error if you enter characters that are not acceptable).<\/p><\/div><\/div>\n\n\n\n<div class=\"wp-block-qubely-image qubely-block-3ef4e3\"><div class=\"qubely-block-image  qubely-image-layout-simple\"><div class=\"qubely-image-media qubely-vertical-alignment-center qubely-horizontal-alignment-center\"><figure><div class=\"qubely-image-container\"><img data-recalc-dims=\"1\" decoding=\"async\" class=\"qubely-image-image\" src=\"https:\/\/i0.wp.com\/parascolaire.ma\/wp-content\/uploads\/2023\/08\/page5-e1692649895540.png?w=1140&#038;ssl=1\" srcset=\"https:\/\/parascolaire.ma\/wp-content\/uploads\/2023\/08\/page5-e1692649895540.png 1x, https:\/\/parascolaire.ma\/wp-content\/uploads\/2023\/08\/page5-e1692649895540.png 2x\" alt=\"\"\/><\/div><\/figure><\/div><\/div><\/div>\n\n\n\n<div class=\"wp-block-qubely-text qubely-block-72f99d\"><div class=\"qubely-block-text\"><div class=\"qubely-block-text-title-container  qubely-separator-position-top\"><div class=\"qubely-block-text-title-inner\"><h2 class=\"qubely-block-text-title\"><\/h2><\/div><\/div><p>This will take you to the app credentials page. But first, you need to fill in the Required Information and Scopes to activate your app.<\/p><\/div><\/div>\n\n\n\n<div class=\"wp-block-qubely-image qubely-block-de9da2\"><div class=\"qubely-block-image  qubely-image-layout-simple\"><div class=\"qubely-image-media qubely-vertical-alignment-center qubely-horizontal-alignment-center\"><figure><div class=\"qubely-image-container\"><img data-recalc-dims=\"1\" decoding=\"async\" class=\"qubely-image-image\" src=\"https:\/\/i0.wp.com\/parascolaire.ma\/wp-content\/uploads\/2023\/08\/page6-e1692650187567.png?w=1140&#038;ssl=1\" srcset=\"https:\/\/parascolaire.ma\/wp-content\/uploads\/2023\/08\/page6-e1692650187567.png 1x, https:\/\/parascolaire.ma\/wp-content\/uploads\/2023\/08\/page6-e1692650187567.png 2x\" alt=\"\"\/><\/div><\/figure><\/div><\/div><\/div>\n\n\n\n<div class=\"wp-block-qubely-text qubely-block-739a5c\"><div class=\"qubely-block-text\"><div class=\"qubely-block-text-title-container  qubely-separator-position-top\"><div class=\"qubely-block-text-title-inner\"><h2 class=\"qubely-block-text-title\"><\/h2><\/div><\/div><p>Step 4: Go to \u201cInformation\u201d to set your Company Name and Developer Contact Information, which is your name and email address.<\/p><\/div><\/div>\n\n\n\n<div class=\"wp-block-qubely-image qubely-block-7e9ab7\"><div class=\"qubely-block-image  qubely-image-layout-simple\"><div class=\"qubely-image-media qubely-vertical-alignment-center qubely-horizontal-alignment-center\"><figure><div class=\"qubely-image-container\"><img data-recalc-dims=\"1\" decoding=\"async\" class=\"qubely-image-image\" src=\"https:\/\/i0.wp.com\/parascolaire.ma\/wp-content\/uploads\/2023\/08\/page7-e1692651653421.png?w=1140&#038;ssl=1\" srcset=\"https:\/\/parascolaire.ma\/wp-content\/uploads\/2023\/08\/page7-e1692651653421.png 1x, https:\/\/parascolaire.ma\/wp-content\/uploads\/2023\/08\/page7-e1692650328602.png 2x\" alt=\"\"\/><\/div><\/figure><\/div><\/div><\/div>\n\n\n\n<div class=\"wp-block-qubely-text qubely-block-02a0cd\"><div class=\"qubely-block-text\"><div class=\"qubely-block-text-title-container  qubely-separator-position-top\"><div class=\"qubely-block-text-title-inner\"><h2 class=\"qubely-block-text-title\"><\/h2><\/div><\/div><p>Step 5. Go to \u201cScopes\u201d and configure the necessary scopes of your application according to your needs. We recommend selecting all scopes for Meetings, Webinars, Recordings, and Users (<strong>Meeting<\/strong>,&nbsp;<strong>Webinar<\/strong>,&nbsp;<strong>Recording<\/strong>, &amp;&nbsp;<strong>User<\/strong>. ).<\/p><\/div><\/div>\n\n\n\n<div class=\"wp-block-qubely-image qubely-block-807c55\"><div class=\"qubely-block-image  qubely-image-layout-simple\"><div class=\"qubely-image-media qubely-vertical-alignment-center qubely-horizontal-alignment-center\"><figure><div class=\"qubely-image-container\"><img data-recalc-dims=\"1\" decoding=\"async\" class=\"qubely-image-image\" src=\"https:\/\/i0.wp.com\/parascolaire.ma\/wp-content\/uploads\/2023\/08\/page8-e1692652042223.png?w=1140&#038;ssl=1\" srcset=\"https:\/\/parascolaire.ma\/wp-content\/uploads\/2023\/08\/page8-e1692652042223.png 1x, https:\/\/parascolaire.ma\/wp-content\/uploads\/2023\/08\/page8-e1692650397739.png 2x\" alt=\"\"\/><\/div><\/figure><\/div><\/div><\/div>\n\n\n\n<div class=\"wp-block-qubely-text qubely-block-b01401\"><div class=\"qubely-block-text\"><div class=\"qubely-block-text-title-container  qubely-separator-position-top\"><div class=\"qubely-block-text-title-inner\"><h2 class=\"qubely-block-text-title\"><\/h2><\/div><\/div><p>Step 6: Go to \u201cActivation\u201d and activate your app.<\/p><\/div><\/div>\n\n\n\n<div class=\"wp-block-qubely-image qubely-block-308e51\"><div class=\"qubely-block-image  qubely-image-layout-simple\"><div class=\"qubely-image-media qubely-vertical-alignment-center qubely-horizontal-alignment-center\"><figure><div class=\"qubely-image-container\"><img data-recalc-dims=\"1\" decoding=\"async\" class=\"qubely-image-image\" src=\"https:\/\/i0.wp.com\/parascolaire.ma\/wp-content\/uploads\/2023\/08\/page9-e1692650456908.png?w=1140&#038;ssl=1\" srcset=\"https:\/\/parascolaire.ma\/wp-content\/uploads\/2023\/08\/page9-e1692650456908.png 1x, https:\/\/parascolaire.ma\/wp-content\/uploads\/2023\/08\/page9-e1692650456908.png 2x\" alt=\"\"\/><\/div><\/figure><\/div><\/div><\/div>\n\n\n\n<div class=\"wp-block-qubely-text qubely-block-c9ff3e\"><div class=\"qubely-block-text\"><div class=\"qubely-block-text-title-container  qubely-separator-position-top\"><div class=\"qubely-block-text-title-inner\"><h2 class=\"qubely-block-text-title\"><span style=\"color: #1d19b0;\" data=\"#1d19b0\" class=\"qubely-text-has-color\">Get Application Credentials<\/span><\/h2><\/div><\/div><p>Once your Server-to-Server OAuth application is activated, go to the \u201cApplication Credentials\u201d to get the Account ID, Client ID, and Client Secret. Keep these credentials handy, as you will need them in the next step.<\/p><\/div><\/div>\n\n\n\n<div class=\"wp-block-qubely-image qubely-block-cca92d\"><div class=\"qubely-block-image  qubely-image-layout-simple\"><div class=\"qubely-image-media qubely-vertical-alignment-center qubely-horizontal-alignment-center\"><figure><div class=\"qubely-image-container\"><img data-recalc-dims=\"1\" decoding=\"async\" class=\"qubely-image-image\" src=\"https:\/\/i0.wp.com\/parascolaire.ma\/wp-content\/uploads\/2023\/08\/page10-e1692650540235.png?w=1140&#038;ssl=1\" srcset=\"https:\/\/parascolaire.ma\/wp-content\/uploads\/2023\/08\/page10-e1692650540235.png 1x, https:\/\/parascolaire.ma\/wp-content\/uploads\/2023\/08\/page10-e1692650540235.png 2x\" alt=\"\"\/><\/div><\/figure><\/div><\/div><\/div>\n\n\n\n<div class=\"wp-block-qubely-text qubely-block-79b87c\"><div class=\"qubely-block-text\"><div class=\"qubely-block-text-title-container  qubely-separator-position-top\"><div class=\"qubely-block-text-title-inner\"><h2 class=\"qubely-block-text-title\"><span style=\"color: #1d19b0;\" data=\"#1d19b0\" class=\"qubely-text-has-color\">Connect Zoom to Afterschool<\/span><\/h2><\/div><\/div><p>Finally, the last step is to connect Zoom to Parascolaire. To do this, go to Dashboard &gt; Zoom &gt; Meeting API Key. Add the new Server-to-Server OAuth application credentials (Account ID, Client ID, and Client Secret Key) obtained in the previous step.<br>Click \u201cSave and Verify Connection\u201d to update the integration settings.<\/p><\/div><\/div>\n\n\n\n<div class=\"wp-block-qubely-image qubely-block-ce875e\"><div class=\"qubely-block-image  qubely-image-layout-simple\"><div class=\"qubely-image-media qubely-vertical-alignment-center qubely-horizontal-alignment-center\"><figure><div class=\"qubely-image-container\"><img data-recalc-dims=\"1\" decoding=\"async\" class=\"qubely-image-image\" src=\"https:\/\/i0.wp.com\/parascolaire.ma\/wp-content\/uploads\/2023\/08\/p11-2-e1692652775885.png?w=1140&#038;ssl=1\" srcset=\"https:\/\/parascolaire.ma\/wp-content\/uploads\/2023\/08\/p11-2-e1692652775885.png 1x, https:\/\/parascolaire.ma\/wp-content\/uploads\/2023\/08\/p11-2-e1692652775885.png 2x\" alt=\"\"\/><\/div><\/figure><\/div><\/div><\/div>\n\n\n\n<div class=\"wp-block-qubely-text qubely-block-95c3af\"><div class=\"qubely-block-text\"><div class=\"qubely-block-text-title-container  qubely-separator-position-top\"><div class=\"qubely-block-text-title-inner\"><h2 class=\"qubely-block-text-title\"><span style=\"color: #1d19b0;\" data=\"#1d19b0\" class=\"qubely-text-has-color\">Test and Verify<\/span><\/h2><\/div><\/div><p>Thoroughly test your Afterschool integration with Zoom using the credentials. Check if integration features, such as creating meetings, work as expected.<\/p><\/div><\/div>\n\n\n\n<div class=\"wp-block-qubely-text qubely-block-bc2694\"><div class=\"qubely-block-text\"><div class=\"qubely-block-text-title-container  qubely-separator-position-top\"><div class=\"qubely-block-text-title-inner\"><h2 class=\"qubely-block-text-title\"><\/h2><\/div><\/div><p><em>Parascolaire is always available to support its community. If you have any questions or encounter any issues with the platform, please contact us at support@parascolaire.ma<\/em><\/p><\/div><\/div>\n\n\n\n<div style=\"height:100px\" aria-hidden=\"true\" class=\"wp-block-spacer\"><\/div>","protected":false},"excerpt":{"rendered":"","protected":false},"author":1,"featured_media":0,"parent":0,"menu_order":0,"comment_status":"closed","ping_status":"closed","template":"","meta":{"qubely_global_settings":"","qubely_interactions":"","om_disable_all_campaigns":false,"_monsterinsights_skip_tracking":false,"_monsterinsights_sitenote_active":false,"_monsterinsights_sitenote_note":"","_monsterinsights_sitenote_category":0,"_tutorstarter_page_metadata":[],"footnotes":""},"class_list":["post-9905","page","type-page","status-publish","hentry"],"aioseo_notices":[],"jetpack-related-posts":[{"id":7386,"url":"https:\/\/parascolaire.ma\/en\/marketplace\/","url_meta":{"origin":9905,"position":0},"title":"Page d&rsquo;Acceuil","author":"Parascolaire","date":"12 April 2021","format":false,"excerpt":"Organisez Vos Propres Activit\u00e9s \u26bd \ud83e\udd4f Et Rejoignez D'Autres \u2728\ud83c\udfc6\u2728Animez Des R\u00e9unions \ud83c\udfa6 Invitez Des Participants \ud83e\udd1dPlannifiez Vos \u00c9v\u00e9nements \ud83d\uddd3\ufe0fCommuniquez Vos Annonces \ud83d\udce2Attribuez Des T\u00e2ches Et Quiz \ud83d\udccb\u00a0\u2712\ufe0fOffrez Des Certificats Personnalis\u00e9s\ud83e\udd47 Rejoindre Une Activit\u00e9 \u25b6\ufe0f Organiser Une Activit\u00e9\u00a0\ud83d\udcc6 Rendre L'\u00c9tudiant Marocain Un Candidat Excellent Pour \u2935\ufe0f Les Universit\u00e9s Mondiales \ud83c\udf0eLe\u2026","rel":"","context":"Similar post","block_context":{"text":"Similar post","link":""},"img":{"alt_text":"","src":"","width":0,"height":0},"classes":[]},{"id":13021,"url":"https:\/\/parascolaire.ma\/en\/grades\/","url_meta":{"origin":9905,"position":1},"title":"Extracurricular World Grades\ud83c\udf96\ufe0f","author":"Parascolaire","date":"16 June 2024","format":false,"excerpt":"D\u00e9but d'une Qu\u00eate \ud83d\udcdc Bronze Observateur Terrestre \ud83c\udf0d Vous d\u00e9butez votre voyage spatial en tant qu'Observateur Terrestre. Votre qu\u00eate commence par l'\u00e9tude des plan\u00e8tes et des \u00e9toiles brillantes dans l'obscurit\u00e9 infinie de l'univers.Chaque jour, vous vous connectez pour d\u00e9couvrir de nouvelles activit\u00e9s et cours. Vous regardez des vid\u00e9os et suivez\u2026","rel":"","context":"Similar post","block_context":{"text":"Similar post","link":""},"img":{"alt_text":"","src":"https:\/\/i0.wp.com\/parascolaire.ma\/wp-content\/uploads\/2024\/06\/Beginner-1-1024x1024.png?resize=350%2C200&ssl=1","width":350,"height":200,"srcset":"https:\/\/i0.wp.com\/parascolaire.ma\/wp-content\/uploads\/2024\/06\/Beginner-1-1024x1024.png?resize=350%2C200&ssl=1 1x, https:\/\/i0.wp.com\/parascolaire.ma\/wp-content\/uploads\/2024\/06\/Beginner-1-1024x1024.png?resize=525%2C300&ssl=1 1.5x, https:\/\/i0.wp.com\/parascolaire.ma\/wp-content\/uploads\/2024\/06\/Beginner-1-1024x1024.png?resize=700%2C400&ssl=1 2x"},"classes":[]},{"id":664,"url":"https:\/\/parascolaire.ma\/en\/activities\/","url_meta":{"origin":9905,"position":2},"title":"Activities","author":"Parascolaire","date":"12 April 2021","format":false,"excerpt":"Vos Activit\u00e9s Pr\u00e9f\u00e9r\u00e9es\ud83d\udd79\ufe0f \u2795 Des Certificats \ud83d\udcdc et R\u00e9compenses \ud83c\udf81 \u00c0 Tout Moment \u23f0 \u00c9v\u00e9nements Sports B\u00e9n\u00e9volat Langues Ateliers Formations \ud83d\udee0\ufe0f Ateliers Pratiques\ud83c\udf93 Conf\u00e9rences Intellectuelles\ud83c\udfab \u00c9venements Exclusifs\ud83c\udf10 Ma\u00eetrise de Langues\u26bd Sports Divers\u25b6\ufe0f Formations Virtuelles\ud83e\udd1d Opportunit\u00e9s de Volontariat\ud83c\udfb5 Activit\u00e9s Artistiques Activit\u00e9s Populaires \ud83d\udd25 \ud83d\udde3\ufe0f AUIS Debate Club \u2013 \u0646\u0627\u062f\u064a \u0627\u0644\u0645\u0646\u0627\u0638\u0631\u0629 \u0644\u0644\u062c\u0627\u0645\u0639\u0629\u2026","rel":"","context":"Similar post","block_context":{"text":"Similar post","link":""},"img":{"alt_text":"","src":"https:\/\/i0.wp.com\/parascolaire.ma\/wp-content\/uploads\/2024\/05\/astronott.png?resize=350%2C200&ssl=1","width":350,"height":200,"srcset":"https:\/\/i0.wp.com\/parascolaire.ma\/wp-content\/uploads\/2024\/05\/astronott.png?resize=350%2C200&ssl=1 1x, https:\/\/i0.wp.com\/parascolaire.ma\/wp-content\/uploads\/2024\/05\/astronott.png?resize=525%2C300&ssl=1 1.5x, https:\/\/i0.wp.com\/parascolaire.ma\/wp-content\/uploads\/2024\/05\/astronott.png?resize=700%2C400&ssl=1 2x"},"classes":[]},{"id":3289,"url":"https:\/\/parascolaire.ma\/en\/organisateurs\/","url_meta":{"origin":9905,"position":3},"title":"Organizers \ud83d\udcbc","author":"Parascolaire","date":"13 April 2021","format":false,"excerpt":"Organisateurs Parascolaires \ud83d\udcbc \ud83d\ude80 Les Pionniers Visionnaires \ud83d\udcbc de l'Univers Parascolaire \ud83c\udf1f Co-OrganisateursR\u00e9unions VirtuellesDonn\u00e9es AnalytiquesMailing List ExportableCertificats Automatis\u00e9sAnnonces Automatis\u00e9sRapports d'EngagementSupport Technique 7j Devenir Organisateur","rel":"","context":"Similar post","block_context":{"text":"Similar post","link":""},"img":{"alt_text":"","src":"https:\/\/i0.wp.com\/parascolaire.ma\/wp-content\/uploads\/2024\/07\/The-Organizer-Astronaut-1024x1024.png?resize=350%2C200&ssl=1","width":350,"height":200,"srcset":"https:\/\/i0.wp.com\/parascolaire.ma\/wp-content\/uploads\/2024\/07\/The-Organizer-Astronaut-1024x1024.png?resize=350%2C200&ssl=1 1x, https:\/\/i0.wp.com\/parascolaire.ma\/wp-content\/uploads\/2024\/07\/The-Organizer-Astronaut-1024x1024.png?resize=525%2C300&ssl=1 1.5x, https:\/\/i0.wp.com\/parascolaire.ma\/wp-content\/uploads\/2024\/07\/The-Organizer-Astronaut-1024x1024.png?resize=700%2C400&ssl=1 2x"},"classes":[]},{"id":7165,"url":"https:\/\/parascolaire.ma\/en\/terms-and-conditions\/","url_meta":{"origin":9905,"position":4},"title":"Terms and Conditions","author":"Parascolaire","date":"4 May 2021","format":false,"excerpt":"Parascolaire Termes et Conditions TERMS AND CONDITIONSLast updated July 10, 2023AGREEMENT TO OUR LEGAL TERMSWe are Parascolaire (\"Company,\" \"we,\" \"us,\" \"our\"), a company registered in Morocco at , Casablanca.We operate the website https:\/\/parascolaire.ma (the \"Site\"), as well as any other related products and services that refer or link to these\u2026","rel":"","context":"Similar post","block_context":{"text":"Similar post","link":""},"img":{"alt_text":"","src":"","width":0,"height":0},"classes":[]},{"id":3626,"url":"https:\/\/parascolaire.ma\/en\/privacy\/","url_meta":{"origin":9905,"position":5},"title":"Privacy Policy","author":"Parascolaire","date":"4 May 2021","format":false,"excerpt":"Parascolaire Politique de Confidentialit\u00e9 PRIVACY POLICYLast updated July 10, 2023This privacy notice for Parascolaire (\"we,\" \"us,\" or \"our\"), describes how and why we might collect, store, use, and\/or share (\"process\") your information when you use our services (\"Services\"), such as when you:Visit our website at http:\/\/www.parascolaire.ma, or any website of\u2026","rel":"","context":"Similar post","block_context":{"text":"Similar post","link":""},"img":{"alt_text":"","src":"","width":0,"height":0},"classes":[]}],"jetpack_sharing_enabled":true,"_links":{"self":[{"href":"https:\/\/parascolaire.ma\/en\/wp-json\/wp\/v2\/pages\/9905","targetHints":{"allow":["GET"]}}],"collection":[{"href":"https:\/\/parascolaire.ma\/en\/wp-json\/wp\/v2\/pages"}],"about":[{"href":"https:\/\/parascolaire.ma\/en\/wp-json\/wp\/v2\/types\/page"}],"author":[{"embeddable":true,"href":"https:\/\/parascolaire.ma\/en\/wp-json\/wp\/v2\/users\/1"}],"replies":[{"embeddable":true,"href":"https:\/\/parascolaire.ma\/en\/wp-json\/wp\/v2\/comments?post=9905"}],"version-history":[{"count":54,"href":"https:\/\/parascolaire.ma\/en\/wp-json\/wp\/v2\/pages\/9905\/revisions"}],"predecessor-version":[{"id":12526,"href":"https:\/\/parascolaire.ma\/en\/wp-json\/wp\/v2\/pages\/9905\/revisions\/12526"}],"wp:attachment":[{"href":"https:\/\/parascolaire.ma\/en\/wp-json\/wp\/v2\/media?parent=9905"}],"curies":[{"name":"wp","href":"https:\/\/api.w.org\/{rel}","templated":true}]}}