{"id":8259,"date":"2023-08-05T18:30:02","date_gmt":"2023-08-05T17:30:02","guid":{"rendered":"https:\/\/parascolaire.ma\/tutor-login\/"},"modified":"2023-08-05T18:30:02","modified_gmt":"2023-08-05T17:30:02","slug":"tutor-login","status":"publish","type":"page","link":"https:\/\/parascolaire.ma\/en\/tutor-login\/","title":{"rendered":"Tutor Login"},"content":{"rendered":"\n<div class=\"tutor-wrap tutor-page-wrap post-8259 page type-page status-publish hentry\">\n\t<div class=\"tutor-template-segment tutor-login-wrap\">\n\t\t<div class=\"tutor-login-form-wrapper\">\n\t\t\t<div class=\"tutor-fs-5 tutor-color-black tutor-mb-32\">\n\t\t\t\tHi, Welcome back!\t\t\t<\/div>\n\t\t\t<form id=\"tutor-login-form\" method=\"post\">\n\t\t<input type=\"hidden\" id=\"_tutor_nonce\" name=\"_tutor_nonce\" value=\"7932ead170\" \/><input type=\"hidden\" name=\"_wp_http_referer\" value=\"\/en\/wp-json\/wp\/v2\/pages\/8259\" \/>\t<input type=\"hidden\" name=\"tutor_action\" value=\"tutor_user_login\" \/>\n\t<input type=\"hidden\" name=\"redirect_to\" value=\"https:\/\/parascolaire.ma\/en\/dashboard\/\" \/>\n\n\t<div class=\"tutor-mb-20\">\n\t\t<input type=\"text\" class=\"tutor-form-control\" placeholder=\"Username or Email Address\" name=\"log\" value=\"\" size=\"20\" required\/>\n\t<\/div>\n\n\t<div class=\"tutor-mb-32\">\n\t\t<input type=\"password\" class=\"tutor-form-control\" placeholder=\"Password\" name=\"pwd\" value=\"\" size=\"20\" required\/>\n\t<\/div>\n\n\t<div class=\"tutor-login-error\" role=\"alert\" aria-live=\"polite\"><\/div>\n\t\t\t<input type=\"hidden\" name=\"timezone\" value=\"Africa\/Casablanca\" \/>\n\t\t<script>\n\t\t\tdocument.addEventListener('DOMContentLoaded', function() {\n\t\t\t\tconst timezone = document.querySelector('input[name=\"timezone\"]');\n\t\t\t\tif ( timezone) {\n\t\t\t\t\tconst tz = Intl.DateTimeFormat().resolvedOptions().timeZone;\n\t\t\t\t\ttimezone.value = tz\n\t\t\t\t}\n\t\t\t});\n\t\t<\/script>\n\t\t\t\t<input type=\"text\" style=\"display:none\" autocomplete=\"off\" value=\"\" name=\"_uuid\">\n\t\t\t<div class=\"tutor-d-flex tutor-justify-between tutor-align-center tutor-mb-40\">\n\t\t<div class=\"tutor-form-check\">\n\t\t\t<input id=\"tutor-login-agmnt-1\" type=\"checkbox\" class=\"tutor-form-check-input tutor-bg-black-40\" name=\"rememberme\" value=\"forever\" \/>\n\t\t\t<label for=\"tutor-login-agmnt-1\" class=\"tutor-fs-7 tutor-color-muted\">\n\t\t\t\tKeep me signed in\t\t\t<\/label>\n\t\t<\/div>\n\t\t<a href=\"https:\/\/parascolaire.ma\/en\/dashboard\/retrieve-password\" class=\"tutor-btn tutor-btn-ghost\">\n\t\t\tForgot Password?\t\t<\/a>\n\t<\/div>\n\n\t\t<button type=\"submit\" class=\"tutor-btn tutor-btn-primary tutor-btn-block\">\n\t\tSign In\t<\/button>\n\n\t\t\t\t\t<div class=\"tutor-text-center tutor-fs-6 tutor-color-secondary tutor-mt-20\">\n\t\t\tDon&#039;t have an account?&nbsp;\n\t\t\t<a href=\"https:\/\/parascolaire.ma\/en\/student-registration\/?redirect_to=https:\/\/parascolaire.ma\/en\/wp-json\/wp\/v2\/pages\/8259\" class=\"tutor-btn tutor-btn-link\">\n\t\t\t\tRegister Now\t\t\t<\/a>\n\t\t<\/div>\n\t\t<\/form>\n<script>\n\tdocument.addEventListener('DOMContentLoaded', function() {\n\t\tvar loginModal = document.querySelector('.tutor-modal.tutor-login-modal');\n\t\tvar errors = [];\n\t\tif (loginModal && errors.length) {\n\t\t\tloginModal.classList.add('tutor-is-active');\n\t\t}\n\t});\n<\/script>\n\t\t\t\t\t<\/div>\n\t\t\t\t<style>\n\t\t\t#tutor-pro-twitter-login {\n\t\t\t\twidth: 400px; background-color: #00acee; border-color: #00acee; font-weight: bold;\n\t\t\t}\n\t\t<\/style>\n\t\t<div id=\"tutor-pro-social-authentication\" class=\"tutor-pt-24 tutor-d-flex tutor-flex-column tutor-align-center tutor-border-top-light\" style=\"gap: 10px;\">\n\t\t\t\t\t\t\t\t<div class=\"tutor-d-flex tutor-justify-center\" id=\"tutor-pro-google-authentication\">\n\t\t\t\t\t\t\n\t\t\t\t\t\t\t\t\t\t\t<\/div>\n\t\t\t\t\t\t\t<\/div>\n\t\t\t<\/div>\n<\/div>\n\n","protected":false},"excerpt":{"rendered":"","protected":false},"author":1,"featured_media":0,"parent":0,"menu_order":0,"comment_status":"closed","ping_status":"closed","template":"","meta":{"qubely_global_settings":"","qubely_interactions":"","om_disable_all_campaigns":false,"_monsterinsights_skip_tracking":false,"_monsterinsights_sitenote_active":false,"_monsterinsights_sitenote_note":"","_monsterinsights_sitenote_category":0,"_tutorstarter_page_metadata":[],"footnotes":""},"class_list":["post-8259","page","type-page","status-publish","hentry"],"aioseo_notices":[],"jetpack-related-posts":[{"id":664,"url":"https:\/\/parascolaire.ma\/en\/activities\/","url_meta":{"origin":8259,"position":0},"title":"Activities","author":"Parascolaire","date":"12 April 2021","format":false,"excerpt":"Vos Activit\u00e9s Pr\u00e9f\u00e9r\u00e9es\ud83d\udd79\ufe0f \u2795 Des Certificats \ud83d\udcdc et R\u00e9compenses \ud83c\udf81 \u00c0 Tout Moment \u23f0 \u00c9v\u00e9nements Sports B\u00e9n\u00e9volat Langues Ateliers Formations \ud83d\udee0\ufe0f Ateliers Pratiques\ud83c\udf93 Conf\u00e9rences Intellectuelles\ud83c\udfab \u00c9venements Exclusifs\ud83c\udf10 Ma\u00eetrise de Langues\u26bd Sports Divers\u25b6\ufe0f Formations Virtuelles\ud83e\udd1d Opportunit\u00e9s de Volontariat\ud83c\udfb5 Activit\u00e9s Artistiques Activit\u00e9s Populaires \ud83d\udd25 \ud83d\udde3\ufe0f AUIS Debate Club \u2013 \u0646\u0627\u062f\u064a \u0627\u0644\u0645\u0646\u0627\u0638\u0631\u0629 \u0644\u0644\u062c\u0627\u0645\u0639\u0629\u2026","rel":"","context":"Similar post","block_context":{"text":"Similar post","link":""},"img":{"alt_text":"","src":"https:\/\/i0.wp.com\/parascolaire.ma\/wp-content\/uploads\/2024\/05\/astronott.png?resize=350%2C200&ssl=1","width":350,"height":200,"srcset":"https:\/\/i0.wp.com\/parascolaire.ma\/wp-content\/uploads\/2024\/05\/astronott.png?resize=350%2C200&ssl=1 1x, https:\/\/i0.wp.com\/parascolaire.ma\/wp-content\/uploads\/2024\/05\/astronott.png?resize=525%2C300&ssl=1 1.5x, https:\/\/i0.wp.com\/parascolaire.ma\/wp-content\/uploads\/2024\/05\/astronott.png?resize=700%2C400&ssl=1 2x"},"classes":[]},{"id":3626,"url":"https:\/\/parascolaire.ma\/en\/privacy\/","url_meta":{"origin":8259,"position":1},"title":"Privacy Policy","author":"Parascolaire","date":"4 May 2021","format":false,"excerpt":"Parascolaire Politique de Confidentialit\u00e9 PRIVACY POLICYLast updated July 10, 2023This privacy notice for Parascolaire (\"we,\" \"us,\" or \"our\"), describes how and why we might collect, store, use, and\/or share (\"process\") your information when you use our services (\"Services\"), such as when you:Visit our website at http:\/\/www.parascolaire.ma, or any website of\u2026","rel":"","context":"Similar post","block_context":{"text":"Similar post","link":""},"img":{"alt_text":"","src":"","width":0,"height":0},"classes":[]}],"jetpack_sharing_enabled":true,"_links":{"self":[{"href":"https:\/\/parascolaire.ma\/en\/wp-json\/wp\/v2\/pages\/8259","targetHints":{"allow":["GET"]}}],"collection":[{"href":"https:\/\/parascolaire.ma\/en\/wp-json\/wp\/v2\/pages"}],"about":[{"href":"https:\/\/parascolaire.ma\/en\/wp-json\/wp\/v2\/types\/page"}],"author":[{"embeddable":true,"href":"https:\/\/parascolaire.ma\/en\/wp-json\/wp\/v2\/users\/1"}],"replies":[{"embeddable":true,"href":"https:\/\/parascolaire.ma\/en\/wp-json\/wp\/v2\/comments?post=8259"}],"version-history":[{"count":0,"href":"https:\/\/parascolaire.ma\/en\/wp-json\/wp\/v2\/pages\/8259\/revisions"}],"wp:attachment":[{"href":"https:\/\/parascolaire.ma\/en\/wp-json\/wp\/v2\/media?parent=8259"}],"curies":[{"name":"wp","href":"https:\/\/api.w.org\/{rel}","templated":true}]}}