{"id":24857,"date":"2025-07-21T00:47:41","date_gmt":"2025-07-20T23:47:41","guid":{"rendered":"https:\/\/parascolaire.ma\/?page_id=24857"},"modified":"2025-08-02T01:48:47","modified_gmt":"2025-08-02T00:48:47","slug":"community-waitlist","status":"publish","type":"page","link":"https:\/\/parascolaire.ma\/en\/community-waitlist\/","title":{"rendered":"Liste d&rsquo;attente"},"content":{"rendered":"\t\t<div data-elementor-type=\"wp-page\" data-elementor-id=\"24857\" class=\"elementor elementor-24857\" data-elementor-post-type=\"page\">\n\t\t\t\t\t\t<section class=\"elementor-section elementor-top-section elementor-element elementor-element-34306133 elementor-section-stretched elementor-section-height-full elementor-section-boxed elementor-section-height-default elementor-section-items-middle wpr-particle-no wpr-jarallax-no wpr-parallax-no wpr-sticky-section-no wpr-equal-height-no\" data-id=\"34306133\" data-element_type=\"section\" data-e-type=\"section\" data-settings=\"{&quot;stretch_section&quot;:&quot;section-stretched&quot;,&quot;background_background&quot;:&quot;classic&quot;,&quot;ekit_has_onepagescroll_dot&quot;:&quot;yes&quot;}\">\n\t\t\t\t\t\t\t<div class=\"elementor-background-overlay\"><\/div>\n\t\t\t\t\t\t\t<div class=\"elementor-container elementor-column-gap-default\">\n\t\t\t\t\t<div class=\"elementor-column elementor-col-100 elementor-top-column elementor-element elementor-element-7888224b\" data-id=\"7888224b\" data-element_type=\"column\" data-e-type=\"column\" data-settings=\"{&quot;background_background&quot;:&quot;gradient&quot;}\">\n\t\t\t<div class=\"elementor-widget-wrap elementor-element-populated\">\n\t\t\t\t\t\t<div class=\"elementor-element elementor-element-54d6ef0b elementor-widget__width-initial elementor-widget-tablet__width-inherit elementor-widget elementor-widget-heading\" data-id=\"54d6ef0b\" data-element_type=\"widget\" data-e-type=\"widget\" data-settings=\"{&quot;_animation&quot;:&quot;none&quot;,&quot;ekit_we_effect_on&quot;:&quot;none&quot;}\" data-widget_type=\"heading.default\">\n\t\t\t\t<div class=\"elementor-widget-container\">\n\t\t\t\t\t<h2 class=\"elementor-heading-title elementor-size-default\">R\u00e9servez votre place<\/h2>\t\t\t\t<\/div>\n\t\t\t\t<\/div>\n\t\t\t\t<div class=\"elementor-element elementor-element-72c85679 elementor-widget__width-initial elementor-widget-tablet__width-inherit elementor-widget elementor-widget-heading\" data-id=\"72c85679\" data-element_type=\"widget\" data-e-type=\"widget\" data-settings=\"{&quot;ekit_we_effect_on&quot;:&quot;none&quot;}\" data-widget_type=\"heading.default\">\n\t\t\t\t<div class=\"elementor-widget-container\">\n\t\t\t\t\t<h2 class=\"elementor-heading-title elementor-size-default\">D\u00e8s maintenant dans les communaut\u00e9s de votre choix<\/h2>\t\t\t\t<\/div>\n\t\t\t\t<\/div>\n\t\t\t\t\t<\/div>\n\t\t<\/div>\n\t\t\t\t\t<\/div>\n\t\t<\/section>\n\t\t\t\t<section class=\"elementor-section elementor-top-section elementor-element elementor-element-c4ea0f elementor-section-content-middle elementor-section-boxed elementor-section-height-default elementor-section-height-default wpr-particle-no wpr-jarallax-no wpr-parallax-no wpr-sticky-section-no wpr-equal-height-no\" data-id=\"c4ea0f\" data-element_type=\"section\" data-e-type=\"section\" data-settings=\"{&quot;background_background&quot;:&quot;classic&quot;,&quot;ekit_has_onepagescroll_dot&quot;:&quot;yes&quot;}\">\n\t\t\t\t\t\t<div class=\"elementor-container elementor-column-gap-no\">\n\t\t\t\t\t<div class=\"elementor-column elementor-col-100 elementor-top-column elementor-element elementor-element-7f8d19fa\" data-id=\"7f8d19fa\" data-element_type=\"column\" data-e-type=\"column\">\n\t\t\t<div class=\"elementor-widget-wrap elementor-element-populated\">\n\t\t\t\t\t\t<section class=\"elementor-section elementor-inner-section elementor-element elementor-element-e70aad1 elementor-section-boxed elementor-section-height-default elementor-section-height-default wpr-particle-no wpr-jarallax-no wpr-parallax-no wpr-sticky-section-no wpr-equal-height-no\" data-id=\"e70aad1\" data-element_type=\"section\" data-e-type=\"section\" data-settings=\"{&quot;ekit_has_onepagescroll_dot&quot;:&quot;yes&quot;}\">\n\t\t\t\t\t\t<div class=\"elementor-container elementor-column-gap-default\">\n\t\t\t\t\t<div class=\"elementor-column elementor-col-100 elementor-inner-column elementor-element elementor-element-5d580b4b\" data-id=\"5d580b4b\" data-element_type=\"column\" data-e-type=\"column\" data-settings=\"{&quot;background_background&quot;:&quot;classic&quot;}\">\n\t\t\t<div class=\"elementor-widget-wrap elementor-element-populated\">\n\t\t\t\t\t\t<div class=\"elementor-element elementor-element-2553c7d2 elementor-widget elementor-widget-heading\" data-id=\"2553c7d2\" data-element_type=\"widget\" data-e-type=\"widget\" data-settings=\"{&quot;ekit_we_effect_on&quot;:&quot;none&quot;}\" data-widget_type=\"heading.default\">\n\t\t\t\t<div class=\"elementor-widget-container\">\n\t\t\t\t\t<h2 class=\"elementor-heading-title elementor-size-default\">Remplissez les champs ci-dessous. Vous recevrez un email d\u00e8s que votre demande sera trait\u00e9e.<\/h2>\t\t\t\t<\/div>\n\t\t\t\t<\/div>\n\t\t\t\t\t<\/div>\n\t\t<\/div>\n\t\t\t\t\t<\/div>\n\t\t<\/section>\n\t\t\t\t<div class=\"elementor-element elementor-element-4c632ac7 elementor-button-align-center elementor-mobile-button-align-center elementor-widget elementor-widget-form\" data-id=\"4c632ac7\" data-element_type=\"widget\" data-e-type=\"widget\" data-settings=\"{&quot;step_next_label&quot;:&quot;Next&quot;,&quot;step_previous_label&quot;:&quot;Previous&quot;,&quot;button_width&quot;:&quot;100&quot;,&quot;step_type&quot;:&quot;number_text&quot;,&quot;step_icon_shape&quot;:&quot;circle&quot;,&quot;ekit_we_effect_on&quot;:&quot;none&quot;}\" data-widget_type=\"form.default\">\n\t\t\t\t<div class=\"elementor-widget-container\">\n\t\t\t\t\t\t\t<form class=\"elementor-form\" method=\"post\" name=\"New Form\">\n\t\t\t<input type=\"hidden\" name=\"post_id\" value=\"24857\"\/>\n\t\t\t<input type=\"hidden\" name=\"form_id\" value=\"4c632ac7\"\/>\n\t\t\t<input type=\"hidden\" name=\"referer_title\" value=\"Liste d\u2019attente - Parascolaire\" \/>\n\n\t\t\t\t\t\t\t<input type=\"hidden\" name=\"queried_id\" value=\"24857\"\/>\n\t\t\t\n\t\t\t<div class=\"elementor-form-fields-wrapper elementor-labels-above\">\n\t\t\t\t\t\t\t\t<div class=\"elementor-field-type-text elementor-field-group elementor-column elementor-field-group-email elementor-col-33 elementor-field-required elementor-mark-required\">\n\t\t\t\t\t\t\t\t\t\t\t\t<label for=\"form-field-email\" class=\"elementor-field-label\">\n\t\t\t\t\t\t\t\tPr\u00e9nom\t\t\t\t\t\t\t<\/label>\n\t\t\t\t\t\t\t\t\t\t\t\t\t\t<input size=\"1\" type=\"text\" name=\"form_fields[email]\" id=\"form-field-email\" class=\"elementor-field elementor-size-sm  elementor-field-textual\" placeholder=\"John \" required=\"required\" aria-required=\"true\">\n\t\t\t\t\t\t\t\t\t\t\t<\/div>\n\t\t\t\t\t\t\t\t<div class=\"elementor-field-type-text elementor-field-group elementor-column elementor-field-group-04fbb9f elementor-col-33 elementor-field-required elementor-mark-required\">\n\t\t\t\t\t\t\t\t\t\t\t\t<label for=\"form-field-04fbb9f\" class=\"elementor-field-label\">\n\t\t\t\t\t\t\t\tNom\t\t\t\t\t\t\t<\/label>\n\t\t\t\t\t\t\t\t\t\t\t\t\t\t<input size=\"1\" type=\"text\" name=\"form_fields[04fbb9f]\" id=\"form-field-04fbb9f\" class=\"elementor-field elementor-size-sm  elementor-field-textual\" placeholder=\"Doe\" required=\"required\" aria-required=\"true\">\n\t\t\t\t\t\t\t\t\t\t\t<\/div>\n\t\t\t\t\t\t\t\t<div class=\"elementor-field-type-text elementor-field-group elementor-column elementor-field-group-field_64d25db elementor-col-33 elementor-field-required elementor-mark-required\">\n\t\t\t\t\t\t\t\t\t\t\t\t<label for=\"form-field-field_64d25db\" class=\"elementor-field-label\">\n\t\t\t\t\t\t\t\tIdentifiant Parascolaire\t\t\t\t\t\t\t<\/label>\n\t\t\t\t\t\t\t\t\t\t\t\t\t\t<input size=\"1\" type=\"text\" name=\"form_fields[field_64d25db]\" id=\"form-field-field_64d25db\" class=\"elementor-field elementor-size-sm  elementor-field-textual\" placeholder=\"JohnDoe\" required=\"required\" aria-required=\"true\">\n\t\t\t\t\t\t\t\t\t\t\t<\/div>\n\t\t\t\t\t\t\t\t<div class=\"elementor-field-type-select elementor-field-group elementor-column elementor-field-group-name elementor-col-33 elementor-field-required elementor-mark-required\">\n\t\t\t\t\t\t\t\t\t\t\t\t<label for=\"form-field-name\" class=\"elementor-field-label\">\n\t\t\t\t\t\t\t\t1er choix de communaut\u00e9\t\t\t\t\t\t\t<\/label>\n\t\t\t\t\t\t\t\t<div class=\"elementor-field elementor-select-wrapper remove-before \">\n\t\t\t<div class=\"select-caret-down-wrapper\">\n\t\t\t\t<i aria-hidden=\"true\" class=\"eicon-caret-down\"><\/i>\t\t\t<\/div>\n\t\t\t<select name=\"form_fields[name]\" id=\"form-field-name\" class=\"elementor-field-textual elementor-size-sm\" required=\"required\" aria-required=\"true\">\n\t\t\t\t\t\t\t\t\t<option value=\"Kennedy-Lugar YES \">Kennedy-Lugar YES <\/option>\n\t\t\t\t\t\t\t\t\t<option value=\"UWC\">UWC<\/option>\n\t\t\t\t\t\t\t\t\t<option value=\"Qatar Debate\">Qatar Debate<\/option>\n\t\t\t\t\t\t\t\t\t<option value=\"Alamein Robotics Championship\">Alamein Robotics Championship<\/option>\n\t\t\t\t\t\t\t\t\t<option value=\"Tomorrow&#039;s Leaders\">Tomorrow&#039;s Leaders<\/option>\n\t\t\t\t\t\t\t\t\t<option value=\"TEDx\">TEDx<\/option>\n\t\t\t\t\t\t\t\t\t<option value=\"Model United Nations\">Model United Nations<\/option>\n\t\t\t\t\t\t\t\t\t<option value=\"Tech Girls\">Tech Girls<\/option>\n\t\t\t\t\t\t\t\t\t<option value=\"European Solidarity Corps\">European Solidarity Corps<\/option>\n\t\t\t\t\t\t\t\t\t<option value=\"ACPC Collegiate Programming\">ACPC Collegiate Programming<\/option>\n\t\t\t\t\t\t\t\t\t<option value=\"International Young Physicists\u2019 Tournament\">International Young Physicists\u2019 Tournament<\/option>\n\t\t\t\t\t\t\t\t\t<option value=\"International Science and Engineering Fair\">International Science and Engineering Fair<\/option>\n\t\t\t\t\t\t\t\t\t<option value=\"GENIUS Olympiad\">GENIUS Olympiad<\/option>\n\t\t\t\t\t\t\t\t\t<option value=\"Horizon Academic Essay\">Horizon Academic Essay<\/option>\n\t\t\t\t\t\t\t\t\t<option value=\"World Scholar\u2019s Cup\">World Scholar\u2019s Cup<\/option>\n\t\t\t\t\t\t\t\t\t<option value=\"Diamond Challenge\">Diamond Challenge<\/option>\n\t\t\t\t\t\t\t\t\t<option value=\"Breakthrough Junior Challenge\">Breakthrough Junior Challenge<\/option>\n\t\t\t\t\t\t\t\t\t<option value=\"Conrad Challenge\">Conrad Challenge<\/option>\n\t\t\t\t\t\t\t<\/select>\n\t\t<\/div>\n\t\t\t\t\t\t<\/div>\n\t\t\t\t\t\t\t\t<div class=\"elementor-field-type-select elementor-field-group elementor-column elementor-field-group-field_6375eb7 elementor-col-33\">\n\t\t\t\t\t\t\t\t\t\t\t\t<label for=\"form-field-field_6375eb7\" class=\"elementor-field-label\">\n\t\t\t\t\t\t\t\t2\u00e8me choix de communaut\u00e9\t\t\t\t\t\t\t<\/label>\n\t\t\t\t\t\t\t\t<div class=\"elementor-field elementor-select-wrapper remove-before \">\n\t\t\t<div class=\"select-caret-down-wrapper\">\n\t\t\t\t<i aria-hidden=\"true\" class=\"eicon-caret-down\"><\/i>\t\t\t<\/div>\n\t\t\t<select name=\"form_fields[field_6375eb7]\" id=\"form-field-field_6375eb7\" class=\"elementor-field-textual elementor-size-sm\">\n\t\t\t\t\t\t\t\t\t<option value=\"UWC\">UWC<\/option>\n\t\t\t\t\t\t\t\t\t<option value=\"Kennedy-Lugar YES \">Kennedy-Lugar YES <\/option>\n\t\t\t\t\t\t\t\t\t<option value=\"Qatar Debate\">Qatar Debate<\/option>\n\t\t\t\t\t\t\t\t\t<option value=\"Alamein Robotics Championship\">Alamein Robotics Championship<\/option>\n\t\t\t\t\t\t\t\t\t<option value=\"Tomorrow&#039;s Leaders\">Tomorrow&#039;s Leaders<\/option>\n\t\t\t\t\t\t\t\t\t<option value=\"TEDx\">TEDx<\/option>\n\t\t\t\t\t\t\t\t\t<option value=\"Model United Nations\">Model United Nations<\/option>\n\t\t\t\t\t\t\t\t\t<option value=\"Tech Girls\">Tech Girls<\/option>\n\t\t\t\t\t\t\t\t\t<option value=\"European Solidarity Corps\">European Solidarity Corps<\/option>\n\t\t\t\t\t\t\t\t\t<option value=\"ACPC Collegiate Programming\">ACPC Collegiate Programming<\/option>\n\t\t\t\t\t\t\t\t\t<option value=\"International Young Physicists\u2019 Tournament\">International Young Physicists\u2019 Tournament<\/option>\n\t\t\t\t\t\t\t\t\t<option value=\"International Science and Engineering Fair\">International Science and Engineering Fair<\/option>\n\t\t\t\t\t\t\t\t\t<option value=\"GENIUS Olympiad\">GENIUS Olympiad<\/option>\n\t\t\t\t\t\t\t\t\t<option value=\"Horizon Academic Essay\">Horizon Academic Essay<\/option>\n\t\t\t\t\t\t\t\t\t<option value=\"World Scholar\u2019s Cup\">World Scholar\u2019s Cup<\/option>\n\t\t\t\t\t\t\t\t\t<option value=\"Diamond Challenge\">Diamond Challenge<\/option>\n\t\t\t\t\t\t\t\t\t<option value=\"Breakthrough Junior Challenge\">Breakthrough Junior Challenge<\/option>\n\t\t\t\t\t\t\t\t\t<option value=\"Conrad Challenge\">Conrad Challenge<\/option>\n\t\t\t\t\t\t\t<\/select>\n\t\t<\/div>\n\t\t\t\t\t\t<\/div>\n\t\t\t\t\t\t\t\t<div class=\"elementor-field-type-select elementor-field-group elementor-column elementor-field-group-field_82dfd5b elementor-col-33\">\n\t\t\t\t\t\t\t\t\t\t\t\t<label for=\"form-field-field_82dfd5b\" class=\"elementor-field-label\">\n\t\t\t\t\t\t\t\t3\u00e8me choix de communaut\u00e9\t\t\t\t\t\t\t<\/label>\n\t\t\t\t\t\t\t\t<div class=\"elementor-field elementor-select-wrapper remove-before \">\n\t\t\t<div class=\"select-caret-down-wrapper\">\n\t\t\t\t<i aria-hidden=\"true\" class=\"eicon-caret-down\"><\/i>\t\t\t<\/div>\n\t\t\t<select name=\"form_fields[field_82dfd5b]\" id=\"form-field-field_82dfd5b\" class=\"elementor-field-textual elementor-size-sm\">\n\t\t\t\t\t\t\t\t\t<option value=\"Qatar Debate\">Qatar Debate<\/option>\n\t\t\t\t\t\t\t\t\t<option value=\"Kennedy-Lugar YES \">Kennedy-Lugar YES <\/option>\n\t\t\t\t\t\t\t\t\t<option value=\"UWC\">UWC<\/option>\n\t\t\t\t\t\t\t\t\t<option value=\"Alamein Robotics Championship\">Alamein Robotics Championship<\/option>\n\t\t\t\t\t\t\t\t\t<option value=\"Tomorrow&#039;s Leaders\">Tomorrow&#039;s Leaders<\/option>\n\t\t\t\t\t\t\t\t\t<option value=\"TEDx\">TEDx<\/option>\n\t\t\t\t\t\t\t\t\t<option value=\"Model United Nations\">Model United Nations<\/option>\n\t\t\t\t\t\t\t\t\t<option value=\"Tech Girls\">Tech Girls<\/option>\n\t\t\t\t\t\t\t\t\t<option value=\"European Solidarity Corps\">European Solidarity Corps<\/option>\n\t\t\t\t\t\t\t\t\t<option value=\"ACPC Collegiate Programming\">ACPC Collegiate Programming<\/option>\n\t\t\t\t\t\t\t\t\t<option value=\"International Young Physicists\u2019 Tournament\">International Young Physicists\u2019 Tournament<\/option>\n\t\t\t\t\t\t\t\t\t<option value=\"International Science and Engineering Fair\">International Science and Engineering Fair<\/option>\n\t\t\t\t\t\t\t\t\t<option value=\"GENIUS Olympiad\">GENIUS Olympiad<\/option>\n\t\t\t\t\t\t\t\t\t<option value=\"Horizon Academic Essay\">Horizon Academic Essay<\/option>\n\t\t\t\t\t\t\t\t\t<option value=\"World Scholar\u2019s Cup\">World Scholar\u2019s Cup<\/option>\n\t\t\t\t\t\t\t\t\t<option value=\"Diamond Challenge\">Diamond Challenge<\/option>\n\t\t\t\t\t\t\t\t\t<option value=\"Breakthrough Junior Challenge\">Breakthrough Junior Challenge<\/option>\n\t\t\t\t\t\t\t\t\t<option value=\"Conrad Challenge\">Conrad Challenge<\/option>\n\t\t\t\t\t\t\t<\/select>\n\t\t<\/div>\n\t\t\t\t\t\t<\/div>\n\t\t\t\t\t\t\t\t<div class=\"elementor-field-type-email elementor-field-group elementor-column elementor-field-group-field_72fb587 elementor-col-100 elementor-field-required elementor-mark-required\">\n\t\t\t\t\t\t\t\t\t\t\t\t<label for=\"form-field-field_72fb587\" class=\"elementor-field-label\">\n\t\t\t\t\t\t\t\tEmail\t\t\t\t\t\t\t<\/label>\n\t\t\t\t\t\t\t\t\t\t\t\t\t\t<input size=\"1\" type=\"email\" name=\"form_fields[field_72fb587]\" id=\"form-field-field_72fb587\" class=\"elementor-field elementor-size-sm  elementor-field-textual\" placeholder=\"johndoe@gmail.com\" required=\"required\" aria-required=\"true\">\n\t\t\t\t\t\t\t\t\t\t\t<\/div>\n\t\t\t\t\t\t\t\t<div class=\"elementor-field-group elementor-column elementor-field-type-submit elementor-col-100 e-form__buttons\">\n\t\t\t\t\t<button class=\"elementor-button elementor-size-md\" type=\"submit\">\n\t\t\t\t\t\t<span class=\"elementor-button-content-wrapper\">\n\t\t\t\t\t\t\t\t\t\t\t\t\t\t\t<span class=\"elementor-button-icon\">\n\t\t\t\t\t\t\t\t\t<i aria-hidden=\"true\" class=\"fas fa-arrow-right\"><\/i>\t\t\t\t\t\t\t\t\t\t\t\t\t\t\t\t\t<\/span>\n\t\t\t\t\t\t\t\t\t\t\t\t\t\t\t\t\t\t\t\t\t\t<span class=\"elementor-button-text\">Envoyer la demande<\/span>\n\t\t\t\t\t\t\t\t\t\t\t\t\t<\/span>\n\t\t\t\t\t<\/button>\n\t\t\t\t<\/div>\n\t\t\t<\/div>\n\t\t<\/form>\n\t\t\t\t\t\t<\/div>\n\t\t\t\t<\/div>\n\t\t\t\t\t<\/div>\n\t\t<\/div>\n\t\t\t\t\t<\/div>\n\t\t<\/section>\n\t\t\t\t<section class=\"elementor-section elementor-top-section elementor-element elementor-element-57e0126e elementor-section-boxed elementor-section-height-default elementor-section-height-default wpr-particle-no wpr-jarallax-no wpr-parallax-no wpr-sticky-section-no wpr-equal-height-no\" data-id=\"57e0126e\" data-element_type=\"section\" data-e-type=\"section\" data-settings=\"{&quot;ekit_has_onepagescroll_dot&quot;:&quot;yes&quot;}\">\n\t\t\t\t\t\t<div class=\"elementor-container elementor-column-gap-default\">\n\t\t\t\t\t<div class=\"elementor-column elementor-col-100 elementor-top-column elementor-element elementor-element-47ccea38\" data-id=\"47ccea38\" data-element_type=\"column\" data-e-type=\"column\">\n\t\t\t<div class=\"elementor-widget-wrap elementor-element-populated\">\n\t\t\t\t\t\t<div class=\"elementor-element elementor-element-40c4ce74 elementor-widget elementor-widget-wpr-date\" data-id=\"40c4ce74\" data-element_type=\"widget\" data-e-type=\"widget\" data-settings=\"{&quot;ekit_we_effect_on&quot;:&quot;none&quot;}\" data-widget_type=\"wpr-date.default\">\n\t\t\t\t<div class=\"elementor-widget-container\">\n\t\t\t\t\t<div class=\"wpr-date\"><span class=\"wpr-extra-text\">\u00a9 <\/span>2026<span class=\"wpr-extra-text\"> Droits r\u00e9serv\u00e9s \u00e0 Parascolaire<\/span><\/div>\t\t\t\t<\/div>\n\t\t\t\t<\/div>\n\t\t\t\t\t<\/div>\n\t\t<\/div>\n\t\t\t\t\t<\/div>\n\t\t<\/section>\n\t\t\t\t<\/div>\n\t\t","protected":false},"excerpt":{"rendered":"<p>R\u00e9servez votre place D\u00e8s maintenant dans les communaut\u00e9s de votre choix Remplissez les champs ci-dessous. Vous recevrez un email d\u00e8s<\/p>","protected":false},"author":1,"featured_media":0,"parent":0,"menu_order":0,"comment_status":"closed","ping_status":"closed","template":"","meta":{"qubely_global_settings":"","qubely_interactions":"","om_disable_all_campaigns":false,"_monsterinsights_skip_tracking":false,"_monsterinsights_sitenote_active":false,"_monsterinsights_sitenote_note":"","_monsterinsights_sitenote_category":0,"_tutorstarter_page_metadata":[],"footnotes":""},"class_list":["post-24857","page","type-page","status-publish","hentry"],"aioseo_notices":[],"jetpack-related-posts":[{"id":13021,"url":"https:\/\/parascolaire.ma\/en\/grades\/","url_meta":{"origin":24857,"position":0},"title":"Extracurricular World Grades\ud83c\udf96\ufe0f","author":"Parascolaire","date":"16 June 2024","format":false,"excerpt":"D\u00e9but d'une Qu\u00eate \ud83d\udcdc Bronze Observateur Terrestre \ud83c\udf0d Vous d\u00e9butez votre voyage spatial en tant qu'Observateur Terrestre. Votre qu\u00eate commence par l'\u00e9tude des plan\u00e8tes et des \u00e9toiles brillantes dans l'obscurit\u00e9 infinie de l'univers.Chaque jour, vous vous connectez pour d\u00e9couvrir de nouvelles activit\u00e9s et cours. Vous regardez des vid\u00e9os et suivez\u2026","rel":"","context":"Similar post","block_context":{"text":"Similar post","link":""},"img":{"alt_text":"","src":"https:\/\/i0.wp.com\/parascolaire.ma\/wp-content\/uploads\/2024\/06\/Beginner-1-1024x1024.png?resize=350%2C200&ssl=1","width":350,"height":200,"srcset":"https:\/\/i0.wp.com\/parascolaire.ma\/wp-content\/uploads\/2024\/06\/Beginner-1-1024x1024.png?resize=350%2C200&ssl=1 1x, https:\/\/i0.wp.com\/parascolaire.ma\/wp-content\/uploads\/2024\/06\/Beginner-1-1024x1024.png?resize=525%2C300&ssl=1 1.5x, https:\/\/i0.wp.com\/parascolaire.ma\/wp-content\/uploads\/2024\/06\/Beginner-1-1024x1024.png?resize=700%2C400&ssl=1 2x"},"classes":[]},{"id":7386,"url":"https:\/\/parascolaire.ma\/en\/marketplace\/","url_meta":{"origin":24857,"position":1},"title":"Page d&rsquo;Acceuil","author":"Parascolaire","date":"12 April 2021","format":false,"excerpt":"Organisez Vos Propres Activit\u00e9s \u26bd \ud83e\udd4f Et Rejoignez D'Autres \u2728\ud83c\udfc6\u2728Animez Des R\u00e9unions \ud83c\udfa6 Invitez Des Participants \ud83e\udd1dPlannifiez Vos \u00c9v\u00e9nements \ud83d\uddd3\ufe0fCommuniquez Vos Annonces \ud83d\udce2Attribuez Des T\u00e2ches Et Quiz \ud83d\udccb\u00a0\u2712\ufe0fOffrez Des Certificats Personnalis\u00e9s\ud83e\udd47 Rejoindre Une Activit\u00e9 \u25b6\ufe0f Organiser Une Activit\u00e9\u00a0\ud83d\udcc6 Rendre L'\u00c9tudiant Marocain Un Candidat Excellent Pour \u2935\ufe0f Les Universit\u00e9s Mondiales \ud83c\udf0eLe\u2026","rel":"","context":"Similar post","block_context":{"text":"Similar post","link":""},"img":{"alt_text":"","src":"","width":0,"height":0},"classes":[]},{"id":3289,"url":"https:\/\/parascolaire.ma\/en\/organisateurs\/","url_meta":{"origin":24857,"position":2},"title":"Organizers \ud83d\udcbc","author":"Parascolaire","date":"13 April 2021","format":false,"excerpt":"Organisateurs Parascolaires \ud83d\udcbc \ud83d\ude80 Les Pionniers Visionnaires \ud83d\udcbc de l'Univers Parascolaire \ud83c\udf1f Co-OrganisateursR\u00e9unions VirtuellesDonn\u00e9es AnalytiquesMailing List ExportableCertificats Automatis\u00e9sAnnonces Automatis\u00e9sRapports d'EngagementSupport Technique 7j Devenir Organisateur","rel":"","context":"Similar post","block_context":{"text":"Similar post","link":""},"img":{"alt_text":"","src":"https:\/\/i0.wp.com\/parascolaire.ma\/wp-content\/uploads\/2024\/07\/The-Organizer-Astronaut-1024x1024.png?resize=350%2C200&ssl=1","width":350,"height":200,"srcset":"https:\/\/i0.wp.com\/parascolaire.ma\/wp-content\/uploads\/2024\/07\/The-Organizer-Astronaut-1024x1024.png?resize=350%2C200&ssl=1 1x, https:\/\/i0.wp.com\/parascolaire.ma\/wp-content\/uploads\/2024\/07\/The-Organizer-Astronaut-1024x1024.png?resize=525%2C300&ssl=1 1.5x, https:\/\/i0.wp.com\/parascolaire.ma\/wp-content\/uploads\/2024\/07\/The-Organizer-Astronaut-1024x1024.png?resize=700%2C400&ssl=1 2x"},"classes":[]},{"id":664,"url":"https:\/\/parascolaire.ma\/en\/activities\/","url_meta":{"origin":24857,"position":3},"title":"Activities","author":"Parascolaire","date":"12 April 2021","format":false,"excerpt":"Vos Activit\u00e9s Pr\u00e9f\u00e9r\u00e9es\ud83d\udd79\ufe0f \u2795 Des Certificats \ud83d\udcdc et R\u00e9compenses \ud83c\udf81 \u00c0 Tout Moment \u23f0 \u00c9v\u00e9nements Sports B\u00e9n\u00e9volat Langues Ateliers Formations \ud83d\udee0\ufe0f Ateliers Pratiques\ud83c\udf93 Conf\u00e9rences Intellectuelles\ud83c\udfab \u00c9venements Exclusifs\ud83c\udf10 Ma\u00eetrise de Langues\u26bd Sports Divers\u25b6\ufe0f Formations Virtuelles\ud83e\udd1d Opportunit\u00e9s de Volontariat\ud83c\udfb5 Activit\u00e9s Artistiques Activit\u00e9s Populaires \ud83d\udd25 \ud83d\udde3\ufe0f AUIS Debate Club \u2013 \u0646\u0627\u062f\u064a \u0627\u0644\u0645\u0646\u0627\u0638\u0631\u0629 \u0644\u0644\u062c\u0627\u0645\u0639\u0629\u2026","rel":"","context":"Similar post","block_context":{"text":"Similar post","link":""},"img":{"alt_text":"","src":"https:\/\/i0.wp.com\/parascolaire.ma\/wp-content\/uploads\/2024\/05\/astronott.png?resize=350%2C200&ssl=1","width":350,"height":200,"srcset":"https:\/\/i0.wp.com\/parascolaire.ma\/wp-content\/uploads\/2024\/05\/astronott.png?resize=350%2C200&ssl=1 1x, https:\/\/i0.wp.com\/parascolaire.ma\/wp-content\/uploads\/2024\/05\/astronott.png?resize=525%2C300&ssl=1 1.5x, https:\/\/i0.wp.com\/parascolaire.ma\/wp-content\/uploads\/2024\/05\/astronott.png?resize=700%2C400&ssl=1 2x"},"classes":[]},{"id":3626,"url":"https:\/\/parascolaire.ma\/en\/privacy\/","url_meta":{"origin":24857,"position":4},"title":"Privacy Policy","author":"Parascolaire","date":"4 May 2021","format":false,"excerpt":"Parascolaire Politique de Confidentialit\u00e9 PRIVACY POLICYLast updated July 10, 2023This privacy notice for Parascolaire (\"we,\" \"us,\" or \"our\"), describes how and why we might collect, store, use, and\/or share (\"process\") your information when you use our services (\"Services\"), such as when you:Visit our website at http:\/\/www.parascolaire.ma, or any website of\u2026","rel":"","context":"Similar post","block_context":{"text":"Similar post","link":""},"img":{"alt_text":"","src":"","width":0,"height":0},"classes":[]}],"jetpack_sharing_enabled":true,"_links":{"self":[{"href":"https:\/\/parascolaire.ma\/en\/wp-json\/wp\/v2\/pages\/24857","targetHints":{"allow":["GET"]}}],"collection":[{"href":"https:\/\/parascolaire.ma\/en\/wp-json\/wp\/v2\/pages"}],"about":[{"href":"https:\/\/parascolaire.ma\/en\/wp-json\/wp\/v2\/types\/page"}],"author":[{"embeddable":true,"href":"https:\/\/parascolaire.ma\/en\/wp-json\/wp\/v2\/users\/1"}],"replies":[{"embeddable":true,"href":"https:\/\/parascolaire.ma\/en\/wp-json\/wp\/v2\/comments?post=24857"}],"version-history":[{"count":31,"href":"https:\/\/parascolaire.ma\/en\/wp-json\/wp\/v2\/pages\/24857\/revisions"}],"predecessor-version":[{"id":26937,"href":"https:\/\/parascolaire.ma\/en\/wp-json\/wp\/v2\/pages\/24857\/revisions\/26937"}],"wp:attachment":[{"href":"https:\/\/parascolaire.ma\/en\/wp-json\/wp\/v2\/media?parent=24857"}],"curies":[{"name":"wp","href":"https:\/\/api.w.org\/{rel}","templated":true}]}}