{"id":24560,"date":"2025-07-18T19:49:00","date_gmt":"2025-07-18T18:49:00","guid":{"rendered":"https:\/\/parascolaire.ma\/?page_id=24560"},"modified":"2025-08-02T01:47:34","modified_gmt":"2025-08-02T00:47:34","slug":"join-community","status":"publish","type":"page","link":"https:\/\/parascolaire.ma\/ar\/join-community\/","title":{"rendered":"\u0627\u0646\u0636\u0645 \u0625\u0644\u0649 \u0645\u062c\u0645\u0648\u0639\u0629"},"content":{"rendered":"\t\t<div data-elementor-type=\"wp-page\" data-elementor-id=\"24560\" class=\"elementor elementor-24560\" data-elementor-post-type=\"page\">\n\t\t\t\t\t\t<section class=\"elementor-section elementor-top-section elementor-element elementor-element-1630a6c4 elementor-section-stretched elementor-section-height-full elementor-section-boxed elementor-section-height-default elementor-section-items-middle wpr-particle-no wpr-jarallax-no wpr-parallax-no wpr-sticky-section-no wpr-equal-height-no\" data-id=\"1630a6c4\" data-element_type=\"section\" data-e-type=\"section\" data-settings=\"{&quot;stretch_section&quot;:&quot;section-stretched&quot;,&quot;background_background&quot;:&quot;classic&quot;,&quot;ekit_has_onepagescroll_dot&quot;:&quot;yes&quot;}\">\n\t\t\t\t\t\t\t<div class=\"elementor-background-overlay\"><\/div>\n\t\t\t\t\t\t\t<div class=\"elementor-container elementor-column-gap-default\">\n\t\t\t\t\t<div class=\"elementor-column elementor-col-100 elementor-top-column elementor-element elementor-element-81ae1c2\" data-id=\"81ae1c2\" data-element_type=\"column\" data-e-type=\"column\" data-settings=\"{&quot;background_background&quot;:&quot;gradient&quot;}\">\n\t\t\t<div class=\"elementor-widget-wrap elementor-element-populated\">\n\t\t\t\t\t\t<div class=\"elementor-element elementor-element-f42ff38 elementor-widget__width-initial elementor-widget-tablet__width-inherit elementor-widget elementor-widget-heading\" data-id=\"f42ff38\" data-element_type=\"widget\" data-e-type=\"widget\" data-settings=\"{&quot;_animation&quot;:&quot;none&quot;,&quot;ekit_we_effect_on&quot;:&quot;none&quot;}\" data-widget_type=\"heading.default\">\n\t\t\t\t<div class=\"elementor-widget-container\">\n\t\t\t\t\t<h2 class=\"elementor-heading-title elementor-size-default\">Rejoingnez une communaut\u00e9<\/h2>\t\t\t\t<\/div>\n\t\t\t\t<\/div>\n\t\t\t\t<div class=\"elementor-element elementor-element-2fbbda48 elementor-widget__width-initial elementor-widget-tablet__width-inherit elementor-widget elementor-widget-heading\" data-id=\"2fbbda48\" data-element_type=\"widget\" data-e-type=\"widget\" data-settings=\"{&quot;ekit_we_effect_on&quot;:&quot;none&quot;}\" data-widget_type=\"heading.default\">\n\t\t\t\t<div class=\"elementor-widget-container\">\n\t\t\t\t\t<h2 class=\"elementor-heading-title elementor-size-default\">Et interagissez avec d'autres membres qui partagent vos passions<\/h2>\t\t\t\t<\/div>\n\t\t\t\t<\/div>\n\t\t\t\t\t<\/div>\n\t\t<\/div>\n\t\t\t\t\t<\/div>\n\t\t<\/section>\n\t\t\t\t<section class=\"elementor-section elementor-top-section elementor-element elementor-element-56c336aa elementor-section-content-middle elementor-section-boxed elementor-section-height-default elementor-section-height-default wpr-particle-no wpr-jarallax-no wpr-parallax-no wpr-sticky-section-no wpr-equal-height-no\" data-id=\"56c336aa\" data-element_type=\"section\" data-e-type=\"section\" data-settings=\"{&quot;background_background&quot;:&quot;classic&quot;,&quot;ekit_has_onepagescroll_dot&quot;:&quot;yes&quot;}\">\n\t\t\t\t\t\t<div class=\"elementor-container elementor-column-gap-no\">\n\t\t\t\t\t<div class=\"elementor-column elementor-col-100 elementor-top-column elementor-element elementor-element-6071754\" data-id=\"6071754\" data-element_type=\"column\" data-e-type=\"column\">\n\t\t\t<div class=\"elementor-widget-wrap elementor-element-populated\">\n\t\t\t\t\t\t<section class=\"elementor-section elementor-inner-section elementor-element elementor-element-caf02cb elementor-section-boxed elementor-section-height-default elementor-section-height-default wpr-particle-no wpr-jarallax-no wpr-parallax-no wpr-sticky-section-no wpr-equal-height-no\" data-id=\"caf02cb\" data-element_type=\"section\" data-e-type=\"section\" data-settings=\"{&quot;ekit_has_onepagescroll_dot&quot;:&quot;yes&quot;}\">\n\t\t\t\t\t\t<div class=\"elementor-container elementor-column-gap-default\">\n\t\t\t\t\t<div class=\"elementor-column elementor-col-100 elementor-inner-column elementor-element elementor-element-ba9d463\" data-id=\"ba9d463\" data-element_type=\"column\" data-e-type=\"column\" data-settings=\"{&quot;background_background&quot;:&quot;classic&quot;}\">\n\t\t\t<div class=\"elementor-widget-wrap elementor-element-populated\">\n\t\t\t\t\t\t<div class=\"elementor-element elementor-element-dc882b5 elementor-widget elementor-widget-heading\" data-id=\"dc882b5\" data-element_type=\"widget\" data-e-type=\"widget\" data-settings=\"{&quot;ekit_we_effect_on&quot;:&quot;none&quot;}\" data-widget_type=\"heading.default\">\n\t\t\t\t<div class=\"elementor-widget-container\">\n\t\t\t\t\t<h2 class=\"elementor-heading-title elementor-size-default\">Remplissez les champs ci-dessous. Vous recevrez un email d\u00e8s que votre demande sera trait\u00e9e.<\/h2>\t\t\t\t<\/div>\n\t\t\t\t<\/div>\n\t\t\t\t\t<\/div>\n\t\t<\/div>\n\t\t\t\t\t<\/div>\n\t\t<\/section>\n\t\t\t\t<div class=\"elementor-element elementor-element-2783b7dc elementor-button-align-center elementor-mobile-button-align-center elementor-widget elementor-widget-form\" data-id=\"2783b7dc\" data-element_type=\"widget\" data-e-type=\"widget\" data-settings=\"{&quot;step_next_label&quot;:&quot;Next&quot;,&quot;step_previous_label&quot;:&quot;Previous&quot;,&quot;button_width&quot;:&quot;100&quot;,&quot;step_type&quot;:&quot;number_text&quot;,&quot;step_icon_shape&quot;:&quot;circle&quot;,&quot;ekit_we_effect_on&quot;:&quot;none&quot;}\" data-widget_type=\"form.default\">\n\t\t\t\t<div class=\"elementor-widget-container\">\n\t\t\t\t\t\t\t<form class=\"elementor-form\" method=\"post\" name=\"New Form\">\n\t\t\t<input type=\"hidden\" name=\"post_id\" value=\"24560\"\/>\n\t\t\t<input type=\"hidden\" name=\"form_id\" value=\"2783b7dc\"\/>\n\t\t\t<input type=\"hidden\" name=\"referer_title\" value=\"Rejoindre une communaut\u00e9 - Parascolaire\" \/>\n\n\t\t\t\t\t\t\t<input type=\"hidden\" name=\"queried_id\" value=\"24560\"\/>\n\t\t\t\n\t\t\t<div class=\"elementor-form-fields-wrapper elementor-labels-above\">\n\t\t\t\t\t\t\t\t<div class=\"elementor-field-type-text elementor-field-group elementor-column elementor-field-group-email elementor-col-33 elementor-field-required elementor-mark-required\">\n\t\t\t\t\t\t\t\t\t\t\t\t<label for=\"form-field-email\" class=\"elementor-field-label\">\n\t\t\t\t\t\t\t\tPr\u00e9nom\t\t\t\t\t\t\t<\/label>\n\t\t\t\t\t\t\t\t\t\t\t\t\t\t<input size=\"1\" type=\"text\" name=\"form_fields[email]\" id=\"form-field-email\" class=\"elementor-field elementor-size-sm  elementor-field-textual\" placeholder=\"John \" required=\"required\" aria-required=\"true\">\n\t\t\t\t\t\t\t\t\t\t\t<\/div>\n\t\t\t\t\t\t\t\t<div class=\"elementor-field-type-text elementor-field-group elementor-column elementor-field-group-04fbb9f elementor-col-33 elementor-field-required elementor-mark-required\">\n\t\t\t\t\t\t\t\t\t\t\t\t<label for=\"form-field-04fbb9f\" class=\"elementor-field-label\">\n\t\t\t\t\t\t\t\tNom\t\t\t\t\t\t\t<\/label>\n\t\t\t\t\t\t\t\t\t\t\t\t\t\t<input size=\"1\" type=\"text\" name=\"form_fields[04fbb9f]\" id=\"form-field-04fbb9f\" class=\"elementor-field elementor-size-sm  elementor-field-textual\" placeholder=\"Doe\" required=\"required\" aria-required=\"true\">\n\t\t\t\t\t\t\t\t\t\t\t<\/div>\n\t\t\t\t\t\t\t\t<div class=\"elementor-field-type-text elementor-field-group elementor-column elementor-field-group-field_64d25db elementor-col-33 elementor-field-required elementor-mark-required\">\n\t\t\t\t\t\t\t\t\t\t\t\t<label for=\"form-field-field_64d25db\" class=\"elementor-field-label\">\n\t\t\t\t\t\t\t\tIdentifiant Parascolaire\t\t\t\t\t\t\t<\/label>\n\t\t\t\t\t\t\t\t\t\t\t\t\t\t<input size=\"1\" type=\"text\" name=\"form_fields[field_64d25db]\" id=\"form-field-field_64d25db\" class=\"elementor-field elementor-size-sm  elementor-field-textual\" placeholder=\"JohnDoe\" required=\"required\" aria-required=\"true\">\n\t\t\t\t\t\t\t\t\t\t\t<\/div>\n\t\t\t\t\t\t\t\t<div class=\"elementor-field-type-select elementor-field-group elementor-column elementor-field-group-name elementor-col-50 elementor-field-required elementor-mark-required\">\n\t\t\t\t\t\t\t\t\t\t\t\t<label for=\"form-field-name\" class=\"elementor-field-label\">\n\t\t\t\t\t\t\t\tChoix de communaut\u00e9\t\t\t\t\t\t\t<\/label>\n\t\t\t\t\t\t\t\t<div class=\"elementor-field elementor-select-wrapper remove-before \">\n\t\t\t<div class=\"select-caret-down-wrapper\">\n\t\t\t\t<i aria-hidden=\"true\" class=\"eicon-caret-down\"><\/i>\t\t\t<\/div>\n\t\t\t<select name=\"form_fields[name]\" id=\"form-field-name\" class=\"elementor-field-textual elementor-size-sm\" required=\"required\" aria-required=\"true\">\n\t\t\t\t\t\t\t\t\t<option value=\"Kennedy-Lugar YES \">Kennedy-Lugar YES <\/option>\n\t\t\t\t\t\t\t\t\t<option value=\"UWC\">UWC<\/option>\n\t\t\t\t\t\t\t\t\t<option value=\"Qatar Debate\">Qatar Debate<\/option>\n\t\t\t\t\t\t\t\t\t<option value=\"Alamein Robotics Championship\">Alamein Robotics Championship<\/option>\n\t\t\t\t\t\t\t\t\t<option value=\"Tomorrow&#039;s Leaders\">Tomorrow&#039;s Leaders<\/option>\n\t\t\t\t\t\t\t\t\t<option value=\"TEDx\">TEDx<\/option>\n\t\t\t\t\t\t\t\t\t<option value=\"Model United Nations\">Model United Nations<\/option>\n\t\t\t\t\t\t\t\t\t<option value=\"Tech Girls\">Tech Girls<\/option>\n\t\t\t\t\t\t\t\t\t<option value=\"European Solidarity Corps\">European Solidarity Corps<\/option>\n\t\t\t\t\t\t\t\t\t<option value=\"ACPC Collegiate Programming\">ACPC Collegiate Programming<\/option>\n\t\t\t\t\t\t\t\t\t<option value=\"International Young Physicists\u2019 Tournament\">International Young Physicists\u2019 Tournament<\/option>\n\t\t\t\t\t\t\t\t\t<option value=\"International Science and Engineering Fair\">International Science and Engineering Fair<\/option>\n\t\t\t\t\t\t\t\t\t<option value=\"GENIUS Olympiad\">GENIUS Olympiad<\/option>\n\t\t\t\t\t\t\t\t\t<option value=\"Horizon Academic Essay\">Horizon Academic Essay<\/option>\n\t\t\t\t\t\t\t\t\t<option value=\"World Scholar\u2019s Cup\">World Scholar\u2019s Cup<\/option>\n\t\t\t\t\t\t\t\t\t<option value=\"Diamond Challenge\">Diamond Challenge<\/option>\n\t\t\t\t\t\t\t\t\t<option value=\"Breakthrough Junior Challenge\">Breakthrough Junior Challenge<\/option>\n\t\t\t\t\t\t\t\t\t<option value=\"Conrad Challenge\">Conrad Challenge<\/option>\n\t\t\t\t\t\t\t<\/select>\n\t\t<\/div>\n\t\t\t\t\t\t<\/div>\n\t\t\t\t\t\t\t\t<div class=\"elementor-field-type-upload elementor-field-group elementor-column elementor-field-group-field_8fa42e6 elementor-col-50 elementor-field-required elementor-mark-required\">\n\t\t\t\t\t\t\t\t\t\t\t\t<label for=\"form-field-field_8fa42e6\" class=\"elementor-field-label\">\n\t\t\t\t\t\t\t\tPreuve de participation (Faut \u00eatre un alumni)\t\t\t\t\t\t\t<\/label>\n\t\t\t\t\t\t\t\t<input type=\"file\" name=\"form_fields[field_8fa42e6]\" id=\"form-field-field_8fa42e6\" class=\"elementor-field elementor-size-sm  elementor-upload-field\" required=\"required\" aria-required=\"true\" data-maxsize=\"2\" data-maxsize-message=\"This file exceeds the maximum allowed size.\">\n\n\t\t\t\t\t\t<\/div>\n\t\t\t\t\t\t\t\t<div class=\"elementor-field-type-text elementor-field-group elementor-column elementor-field-group-field_def3e07 elementor-col-100\">\n\t\t\t\t\t\t\t\t\t\t\t\t<label for=\"form-field-field_def3e07\" class=\"elementor-field-label\">\n\t\t\t\t\t\t\t\tPlus d'Infos\t\t\t\t\t\t\t<\/label>\n\t\t\t\t\t\t\t\t\t\t\t\t\t\t<input size=\"1\" type=\"text\" name=\"form_fields[field_def3e07]\" id=\"form-field-field_def3e07\" class=\"elementor-field elementor-size-sm  elementor-field-textual\" placeholder=\"Ann\u00e9e d&#039;admission au programme, d\u00e9tails de votre exp\u00e9rience...\">\n\t\t\t\t\t\t\t\t\t\t\t<\/div>\n\t\t\t\t\t\t\t\t<div class=\"elementor-field-type-email elementor-field-group elementor-column elementor-field-group-field_72fb587 elementor-col-100 elementor-field-required elementor-mark-required\">\n\t\t\t\t\t\t\t\t\t\t\t\t<label for=\"form-field-field_72fb587\" class=\"elementor-field-label\">\n\t\t\t\t\t\t\t\tEmail\t\t\t\t\t\t\t<\/label>\n\t\t\t\t\t\t\t\t\t\t\t\t\t\t<input size=\"1\" type=\"email\" name=\"form_fields[field_72fb587]\" id=\"form-field-field_72fb587\" class=\"elementor-field elementor-size-sm  elementor-field-textual\" placeholder=\"johndoe@gmail.com\" required=\"required\" aria-required=\"true\">\n\t\t\t\t\t\t\t\t\t\t\t<\/div>\n\t\t\t\t\t\t\t\t<div class=\"elementor-field-group elementor-column elementor-field-type-submit elementor-col-100 e-form__buttons\">\n\t\t\t\t\t<button class=\"elementor-button elementor-size-md\" type=\"submit\">\n\t\t\t\t\t\t<span class=\"elementor-button-content-wrapper\">\n\t\t\t\t\t\t\t\t\t\t\t\t\t\t\t<span class=\"elementor-button-icon\">\n\t\t\t\t\t\t\t\t\t<i aria-hidden=\"true\" class=\"fas fa-arrow-right\"><\/i>\t\t\t\t\t\t\t\t\t\t\t\t\t\t\t\t\t<\/span>\n\t\t\t\t\t\t\t\t\t\t\t\t\t\t\t\t\t\t\t\t\t\t<span class=\"elementor-button-text\">Envoyer la demande<\/span>\n\t\t\t\t\t\t\t\t\t\t\t\t\t<\/span>\n\t\t\t\t\t<\/button>\n\t\t\t\t<\/div>\n\t\t\t<\/div>\n\t\t<\/form>\n\t\t\t\t\t\t<\/div>\n\t\t\t\t<\/div>\n\t\t\t\t\t<\/div>\n\t\t<\/div>\n\t\t\t\t\t<\/div>\n\t\t<\/section>\n\t\t\t\t<section class=\"elementor-section elementor-top-section elementor-element elementor-element-6f391269 elementor-section-boxed elementor-section-height-default elementor-section-height-default wpr-particle-no wpr-jarallax-no wpr-parallax-no wpr-sticky-section-no wpr-equal-height-no\" data-id=\"6f391269\" data-element_type=\"section\" data-e-type=\"section\" data-settings=\"{&quot;ekit_has_onepagescroll_dot&quot;:&quot;yes&quot;}\">\n\t\t\t\t\t\t<div class=\"elementor-container elementor-column-gap-default\">\n\t\t\t\t\t<div class=\"elementor-column elementor-col-100 elementor-top-column elementor-element elementor-element-17ba5052\" data-id=\"17ba5052\" data-element_type=\"column\" data-e-type=\"column\">\n\t\t\t<div class=\"elementor-widget-wrap elementor-element-populated\">\n\t\t\t\t\t\t<div class=\"elementor-element elementor-element-1aefc3d2 elementor-widget elementor-widget-wpr-date\" data-id=\"1aefc3d2\" data-element_type=\"widget\" data-e-type=\"widget\" data-settings=\"{&quot;ekit_we_effect_on&quot;:&quot;none&quot;}\" data-widget_type=\"wpr-date.default\">\n\t\t\t\t<div class=\"elementor-widget-container\">\n\t\t\t\t\t<div class=\"wpr-date\"><span class=\"wpr-extra-text\">\u00a9 <\/span>2026<span class=\"wpr-extra-text\"> Droits r\u00e9serv\u00e9s \u00e0 Parascolaire<\/span><\/div>\t\t\t\t<\/div>\n\t\t\t\t<\/div>\n\t\t\t\t\t<\/div>\n\t\t<\/div>\n\t\t\t\t\t<\/div>\n\t\t<\/section>\n\t\t\t\t<\/div>\n\t\t","protected":false},"excerpt":{"rendered":"<p>Rejoingnez une communaut\u00e9 Et interagissez avec d&rsquo;autres membres qui partagent vos passions Remplissez les champs ci-dessous. Vous recevrez un email<\/p>","protected":false},"author":1,"featured_media":0,"parent":0,"menu_order":0,"comment_status":"closed","ping_status":"closed","template":"","meta":{"qubely_global_settings":"","qubely_interactions":"","om_disable_all_campaigns":false,"_monsterinsights_skip_tracking":false,"_monsterinsights_sitenote_active":false,"_monsterinsights_sitenote_note":"","_monsterinsights_sitenote_category":0,"_tutorstarter_page_metadata":[],"footnotes":""},"class_list":["post-24560","page","type-page","status-publish","hentry"],"aioseo_notices":[],"jetpack-related-posts":[{"id":13021,"url":"https:\/\/parascolaire.ma\/ar\/grades\/","url_meta":{"origin":24560,"position":0},"title":"\u062f\u0631\u062c\u0627\u062a \u0627\u0644\u0639\u0627\u0644\u0645 \u0627\u0644\u0644\u0627\u0645\u0646\u0647\u062c\u064a\ud83c\udf96\ufe0f","author":"Parascolaire","date":"16 \u064a\u0648\u0646\u064a\u0648 2024","format":false,"excerpt":"D\u00e9but d'une Qu\u00eate \ud83d\udcdc Bronze Observateur Terrestre \ud83c\udf0d Vous d\u00e9butez votre voyage spatial en tant qu'Observateur Terrestre. Votre qu\u00eate commence par l'\u00e9tude des plan\u00e8tes et des \u00e9toiles brillantes dans l'obscurit\u00e9 infinie de l'univers.Chaque jour, vous vous connectez pour d\u00e9couvrir de nouvelles activit\u00e9s et cours. Vous regardez des vid\u00e9os et suivez\u2026","rel":"","context":"Similar post","block_context":{"text":"Similar post","link":""},"img":{"alt_text":"","src":"https:\/\/i0.wp.com\/parascolaire.ma\/wp-content\/uploads\/2024\/06\/Beginner-1-1024x1024.png?resize=350%2C200&ssl=1","width":350,"height":200,"srcset":"https:\/\/i0.wp.com\/parascolaire.ma\/wp-content\/uploads\/2024\/06\/Beginner-1-1024x1024.png?resize=350%2C200&ssl=1 1x, https:\/\/i0.wp.com\/parascolaire.ma\/wp-content\/uploads\/2024\/06\/Beginner-1-1024x1024.png?resize=525%2C300&ssl=1 1.5x, https:\/\/i0.wp.com\/parascolaire.ma\/wp-content\/uploads\/2024\/06\/Beginner-1-1024x1024.png?resize=700%2C400&ssl=1 2x"},"classes":[]},{"id":7386,"url":"https:\/\/parascolaire.ma\/ar\/marketplace\/","url_meta":{"origin":24560,"position":1},"title":"Page d&rsquo;Acceuil","author":"Parascolaire","date":"12 \u0623\u0628\u0631\u064a\u0644 2021","format":false,"excerpt":"Organisez Vos Propres Activit\u00e9s \u26bd \ud83e\udd4f Et Rejoignez D'Autres \u2728\ud83c\udfc6\u2728Animez Des R\u00e9unions \ud83c\udfa6 Invitez Des Participants \ud83e\udd1dPlannifiez Vos \u00c9v\u00e9nements \ud83d\uddd3\ufe0fCommuniquez Vos Annonces \ud83d\udce2Attribuez Des T\u00e2ches Et Quiz \ud83d\udccb\u00a0\u2712\ufe0fOffrez Des Certificats Personnalis\u00e9s\ud83e\udd47 Rejoindre Une Activit\u00e9 \u25b6\ufe0f Organiser Une Activit\u00e9\u00a0\ud83d\udcc6 Rendre L'\u00c9tudiant Marocain Un Candidat Excellent Pour \u2935\ufe0f Les Universit\u00e9s Mondiales \ud83c\udf0eLe\u2026","rel":"","context":"Similar post","block_context":{"text":"Similar post","link":""},"img":{"alt_text":"","src":"","width":0,"height":0},"classes":[]}],"jetpack_sharing_enabled":true,"_links":{"self":[{"href":"https:\/\/parascolaire.ma\/ar\/wp-json\/wp\/v2\/pages\/24560","targetHints":{"allow":["GET"]}}],"collection":[{"href":"https:\/\/parascolaire.ma\/ar\/wp-json\/wp\/v2\/pages"}],"about":[{"href":"https:\/\/parascolaire.ma\/ar\/wp-json\/wp\/v2\/types\/page"}],"author":[{"embeddable":true,"href":"https:\/\/parascolaire.ma\/ar\/wp-json\/wp\/v2\/users\/1"}],"replies":[{"embeddable":true,"href":"https:\/\/parascolaire.ma\/ar\/wp-json\/wp\/v2\/comments?post=24560"}],"version-history":[{"count":46,"href":"https:\/\/parascolaire.ma\/ar\/wp-json\/wp\/v2\/pages\/24560\/revisions"}],"predecessor-version":[{"id":26931,"href":"https:\/\/parascolaire.ma\/ar\/wp-json\/wp\/v2\/pages\/24560\/revisions\/26931"}],"wp:attachment":[{"href":"https:\/\/parascolaire.ma\/ar\/wp-json\/wp\/v2\/media?parent=24560"}],"curies":[{"name":"wp","href":"https:\/\/api.w.org\/{rel}","templated":true}]}}