{"id":18973,"date":"2024-11-19T17:30:47","date_gmt":"2024-11-19T16:30:47","guid":{"rendered":"https:\/\/parascolaire.ma\/?page_id=18973"},"modified":"2025-06-17T19:45:04","modified_gmt":"2025-06-17T18:45:04","slug":"carte","status":"publish","type":"page","link":"https:\/\/parascolaire.ma\/ar\/carte\/","title":{"rendered":"\u0627\u0644\u062e\u0631\u064a\u0637\u0629 \u0627\u0644\u0643\u0648\u0646\u064a\u0629 \ud83d\uddfa\ufe0f"},"content":{"rendered":"<div data-elementor-type=\"wp-page\" data-elementor-id=\"18973\" class=\"elementor elementor-18973\" data-elementor-post-type=\"page\">\n\t\t\t\t\t\t<section class=\"elementor-section elementor-top-section elementor-element elementor-element-9d3e3b6 elementor-section-height-full elementor-section-stretched elementor-section-boxed elementor-section-height-default elementor-section-items-middle wpr-particle-no wpr-jarallax-no wpr-parallax-no wpr-sticky-section-no wpr-equal-height-no\" data-id=\"9d3e3b6\" data-element_type=\"section\" data-e-type=\"section\" data-settings=\"{&quot;stretch_section&quot;:&quot;section-stretched&quot;,&quot;ekit_has_onepagescroll_dot&quot;:&quot;yes&quot;}\">\n\t\t\t\t\t\t\t<div class=\"elementor-background-overlay\"><\/div>\n\t\t\t\t\t\t\t<div class=\"elementor-container elementor-column-gap-default\">\n\t\t\t\t\t<div class=\"elementor-column elementor-col-100 elementor-top-column elementor-element elementor-element-6c87c25\" data-id=\"6c87c25\" data-element_type=\"column\" data-e-type=\"column\" data-settings=\"{&quot;background_background&quot;:&quot;classic&quot;}\">\n\t\t\t<div class=\"elementor-widget-wrap elementor-element-populated\">\n\t\t\t\t\t\t<div class=\"elementor-element elementor-element-2055f9a elementor-widget__width-initial elementor-widget-tablet__width-inherit elementor-widget elementor-widget-heading\" data-id=\"2055f9a\" data-element_type=\"widget\" data-e-type=\"widget\" data-settings=\"{&quot;_animation&quot;:&quot;none&quot;,&quot;ekit_we_effect_on&quot;:&quot;none&quot;}\" data-widget_type=\"heading.default\">\n\t\t\t\t<div class=\"elementor-widget-container\">\n\t\t\t\t\t<h2 class=\"elementor-heading-title elementor-size-small\">\u0647\u0646\u0627 \u062a\u0628\u062f\u0623 <span id=\"title-activities\" class=\"qubely-text-has-bgcolor\">\u0627\u0633\u062a\u0643\u0634\u0627\u0641<\/span>  \u0627\u0644\u062e\u0631\u064a\u0637\u0629 \ud83d\uddfa\ufe0f<\/h2>\t\t\t\t<\/div>\n\t\t\t\t<\/div>\n\t\t\t\t<div class=\"elementor-element elementor-element-6127e05 elementor-widget__width-initial elementor-widget-tablet__width-inherit elementor-widget elementor-widget-heading\" data-id=\"6127e05\" data-element_type=\"widget\" data-e-type=\"widget\" data-settings=\"{&quot;ekit_we_effect_on&quot;:&quot;none&quot;}\" data-widget_type=\"heading.default\">\n\t\t\t\t<div class=\"elementor-widget-container\">\n\t\t\t\t\t<h2 class=\"elementor-heading-title elementor-size-default\"><span id=\"subtitle\">\ud83d\ude80 \u062a\u0646\u0642\u0644 \u0628\u0644\u0627 \u062d\u062f\u0648\u062f \u267e\ufe0f \u0641\u064a \u0639\u0627\u0644\u0645 \u0627\u0644\u0623\u0646\u0634\u0637\u0629 \u0627\u0644\u0645\u0648\u0627\u0632\u064a\u0629 \ud83c\udf0c<\/span><\/h2>\t\t\t\t<\/div>\n\t\t\t\t<\/div>\n\t\t\t\t\t<\/div>\n\t\t<\/div>\n\t\t\t\t\t<\/div>\n\t\t<\/section>\n\t\t\t\t<section class=\"elementor-section elementor-top-section elementor-element elementor-element-31c3de7 elementor-section-full_width elementor-section-stretched elementor-section-height-default elementor-section-height-default wpr-particle-no wpr-jarallax-no wpr-parallax-no wpr-sticky-section-no wpr-equal-height-no\" data-id=\"31c3de7\" data-element_type=\"section\" data-e-type=\"section\" data-settings=\"{&quot;stretch_section&quot;:&quot;section-stretched&quot;,&quot;background_background&quot;:&quot;gradient&quot;,&quot;ekit_has_onepagescroll_dot&quot;:&quot;yes&quot;}\">\n\t\t\t\t\t\t<div class=\"elementor-container elementor-column-gap-default\">\n\t\t\t\t\t<div class=\"elementor-column elementor-col-100 elementor-top-column elementor-element elementor-element-2a599e5\" data-id=\"2a599e5\" data-element_type=\"column\" data-e-type=\"column\">\n\t\t\t<div class=\"elementor-widget-wrap elementor-element-populated\">\n\t\t\t\t\t\t<div class=\"elementor-element elementor-element-749368d elementor-widget elementor-widget-spacer\" data-id=\"749368d\" data-element_type=\"widget\" data-e-type=\"widget\" data-settings=\"{&quot;ekit_we_effect_on&quot;:&quot;none&quot;}\" data-widget_type=\"spacer.default\">\n\t\t\t\t<div class=\"elementor-widget-container\">\n\t\t\t\t\t\t\t<div class=\"elementor-spacer\">\n\t\t\t<div class=\"elementor-spacer-inner\"><\/div>\n\t\t<\/div>\n\t\t\t\t\t\t<\/div>\n\t\t\t\t<\/div>\n\t\t\t\t\t<\/div>\n\t\t<\/div>\n\t\t\t\t\t<\/div>\n\t\t<\/section>\n\t\t\t\t<section class=\"elementor-section elementor-top-section elementor-element elementor-element-2ea0a87 elementor-section-full_width elementor-section-stretched elementor-section-height-default elementor-section-height-default wpr-particle-no wpr-jarallax-no wpr-parallax-no wpr-sticky-section-no wpr-equal-height-no\" data-id=\"2ea0a87\" data-element_type=\"section\" data-e-type=\"section\" data-settings=\"{&quot;stretch_section&quot;:&quot;section-stretched&quot;,&quot;background_background&quot;:&quot;gradient&quot;,&quot;ekit_has_onepagescroll_dot&quot;:&quot;yes&quot;}\">\n\t\t\t\t\t\t<div class=\"elementor-container elementor-column-gap-default\">\n\t\t\t\t\t<div class=\"elementor-column elementor-col-100 elementor-top-column elementor-element elementor-element-0596c65\" data-id=\"0596c65\" data-element_type=\"column\" data-e-type=\"column\">\n\t\t\t<div class=\"elementor-widget-wrap elementor-element-populated\">\n\t\t\t\t\t\t<div class=\"elementor-element elementor-element-ad4e650 elementor-widget elementor-widget-spacer\" data-id=\"ad4e650\" data-element_type=\"widget\" data-e-type=\"widget\" data-settings=\"{&quot;ekit_we_effect_on&quot;:&quot;none&quot;}\" data-widget_type=\"spacer.default\">\n\t\t\t\t<div class=\"elementor-widget-container\">\n\t\t\t\t\t\t\t<div class=\"elementor-spacer\">\n\t\t\t<div class=\"elementor-spacer-inner\"><\/div>\n\t\t<\/div>\n\t\t\t\t\t\t<\/div>\n\t\t\t\t<\/div>\n\t\t\t\t\t<\/div>\n\t\t<\/div>\n\t\t\t\t\t<\/div>\n\t\t<\/section>\n\t\t\t\t<section class=\"elementor-section elementor-top-section elementor-element elementor-element-4522658 elementor-section-stretched elementor-section-boxed elementor-section-height-default elementor-section-height-default wpr-particle-no wpr-jarallax-no wpr-parallax-no wpr-sticky-section-no wpr-equal-height-no\" data-id=\"4522658\" data-element_type=\"section\" data-e-type=\"section\" data-settings=\"{&quot;stretch_section&quot;:&quot;section-stretched&quot;,&quot;background_background&quot;:&quot;classic&quot;,&quot;ekit_has_onepagescroll_dot&quot;:&quot;yes&quot;}\">\n\t\t\t\t\t\t\t<div class=\"elementor-background-overlay\"><\/div>\n\t\t\t\t\t\t\t<div class=\"elementor-container elementor-column-gap-default\">\n\t\t\t\t\t<div class=\"elementor-column elementor-col-100 elementor-top-column elementor-element elementor-element-8847000\" data-id=\"8847000\" data-element_type=\"column\" data-e-type=\"column\">\n\t\t\t<div class=\"elementor-widget-wrap elementor-element-populated\">\n\t\t\t\t\t\t<div class=\"elementor-element elementor-element-70f462f elementor-widget elementor-widget-shortcode\" data-id=\"70f462f\" data-element_type=\"widget\" data-e-type=\"widget\" data-settings=\"{&quot;ekit_we_effect_on&quot;:&quot;none&quot;}\" data-widget_type=\"shortcode.default\">\n\t\t\t\t<div class=\"elementor-widget-container\">\n\t\t\t\t\t\t\t<div class=\"elementor-shortcode\"><div><div id=\"image-map-pro-1d3ddd4b-e8e7-4cd2-a183-4e1ae6bb112b\"><\/div><\/div><\/div>\n\t\t\t\t\t\t<\/div>\n\t\t\t\t<\/div>\n\t\t\t\t\t<\/div>\n\t\t<\/div>\n\t\t\t\t\t<\/div>\n\t\t<\/section>\n\t\t\t\t<section class=\"elementor-section elementor-top-section elementor-element elementor-element-7c56ad4 elementor-section-full_width elementor-section-stretched elementor-section-height-default elementor-section-height-default wpr-particle-no wpr-jarallax-no wpr-parallax-no wpr-sticky-section-no wpr-equal-height-no\" data-id=\"7c56ad4\" data-element_type=\"section\" data-e-type=\"section\" data-settings=\"{&quot;stretch_section&quot;:&quot;section-stretched&quot;,&quot;background_background&quot;:&quot;gradient&quot;,&quot;ekit_has_onepagescroll_dot&quot;:&quot;yes&quot;}\">\n\t\t\t\t\t\t<div class=\"elementor-container elementor-column-gap-default\">\n\t\t\t\t\t<div class=\"elementor-column elementor-col-100 elementor-top-column elementor-element elementor-element-e801ca9\" data-id=\"e801ca9\" data-element_type=\"column\" data-e-type=\"column\">\n\t\t\t<div class=\"elementor-widget-wrap elementor-element-populated\">\n\t\t\t\t\t\t<div class=\"elementor-element elementor-element-39c58d5 elementor-widget elementor-widget-spacer\" data-id=\"39c58d5\" data-element_type=\"widget\" data-e-type=\"widget\" data-settings=\"{&quot;ekit_we_effect_on&quot;:&quot;none&quot;}\" data-widget_type=\"spacer.default\">\n\t\t\t\t<div class=\"elementor-widget-container\">\n\t\t\t\t\t\t\t<div class=\"elementor-spacer\">\n\t\t\t<div class=\"elementor-spacer-inner\"><\/div>\n\t\t<\/div>\n\t\t\t\t\t\t<\/div>\n\t\t\t\t<\/div>\n\t\t\t\t\t<\/div>\n\t\t<\/div>\n\t\t\t\t\t<\/div>\n\t\t<\/section>\n\t\t\t\t<section class=\"elementor-section elementor-top-section elementor-element elementor-element-5e7848c elementor-section-full_width elementor-section-stretched elementor-section-height-default elementor-section-height-default wpr-particle-no wpr-jarallax-no wpr-parallax-no wpr-sticky-section-no wpr-equal-height-no\" data-id=\"5e7848c\" data-element_type=\"section\" data-e-type=\"section\" data-settings=\"{&quot;stretch_section&quot;:&quot;section-stretched&quot;,&quot;background_background&quot;:&quot;gradient&quot;,&quot;ekit_has_onepagescroll_dot&quot;:&quot;yes&quot;}\">\n\t\t\t\t\t\t<div class=\"elementor-container elementor-column-gap-default\">\n\t\t\t\t\t<div class=\"elementor-column elementor-col-100 elementor-top-column elementor-element elementor-element-9404dc0\" data-id=\"9404dc0\" data-element_type=\"column\" data-e-type=\"column\">\n\t\t\t<div class=\"elementor-widget-wrap elementor-element-populated\">\n\t\t\t\t\t\t<div class=\"elementor-element elementor-element-bf07d2e elementor-widget elementor-widget-spacer\" data-id=\"bf07d2e\" data-element_type=\"widget\" data-e-type=\"widget\" data-settings=\"{&quot;ekit_we_effect_on&quot;:&quot;none&quot;}\" data-widget_type=\"spacer.default\">\n\t\t\t\t<div class=\"elementor-widget-container\">\n\t\t\t\t\t\t\t<div class=\"elementor-spacer\">\n\t\t\t<div class=\"elementor-spacer-inner\"><\/div>\n\t\t<\/div>\n\t\t\t\t\t\t<\/div>\n\t\t\t\t<\/div>\n\t\t\t\t\t<\/div>\n\t\t<\/div>\n\t\t\t\t\t<\/div>\n\t\t<\/section>\n\t\t\t\t<section class=\"elementor-section elementor-top-section elementor-element elementor-element-a41a1a5 elementor-section-height-full elementor-section-stretched elementor-section-boxed elementor-section-height-default elementor-section-items-middle wpr-particle-no wpr-jarallax-no wpr-parallax-no wpr-sticky-section-no wpr-equal-height-no\" data-id=\"a41a1a5\" data-element_type=\"section\" data-e-type=\"section\" data-settings=\"{&quot;stretch_section&quot;:&quot;section-stretched&quot;,&quot;background_background&quot;:&quot;classic&quot;,&quot;ekit_has_onepagescroll_dot&quot;:&quot;yes&quot;}\">\n\t\t\t\t\t\t\t<div class=\"elementor-background-overlay\"><\/div>\n\t\t\t\t\t\t\t<div class=\"elementor-container elementor-column-gap-default\">\n\t\t\t\t\t<div class=\"elementor-column elementor-col-100 elementor-top-column elementor-element elementor-element-8f482c4\" data-id=\"8f482c4\" data-element_type=\"column\" data-e-type=\"column\">\n\t\t\t<div class=\"elementor-widget-wrap elementor-element-populated\">\n\t\t\t\t\t\t\t<\/div>\n\t\t<\/div>\n\t\t\t\t\t<\/div>\n\t\t<\/section>\n\t\t\t\t<\/div>","protected":false},"excerpt":{"rendered":"<p>La Carte Cosmique \ud83d\uddfa\ufe0f \ud83d\ude80 Naviguez sans Limites \u267e\ufe0f dans l&rsquo;Univers Parascolaire \ud83c\udf0c<\/p>","protected":false},"author":1,"featured_media":0,"parent":0,"menu_order":0,"comment_status":"closed","ping_status":"closed","template":"","meta":{"qubely_global_settings":"","qubely_interactions":"","om_disable_all_campaigns":false,"_monsterinsights_skip_tracking":false,"_monsterinsights_sitenote_active":false,"_monsterinsights_sitenote_note":"","_monsterinsights_sitenote_category":0,"_tutorstarter_page_metadata":[],"footnotes":""},"class_list":["post-18973","page","type-page","status-publish","hentry"],"aioseo_notices":[],"jetpack-related-posts":[{"id":13021,"url":"https:\/\/parascolaire.ma\/ar\/grades\/","url_meta":{"origin":18973,"position":0},"title":"\u062f\u0631\u062c\u0627\u062a \u0627\u0644\u0639\u0627\u0644\u0645 \u0627\u0644\u0644\u0627\u0645\u0646\u0647\u062c\u064a\ud83c\udf96\ufe0f","author":"Parascolaire","date":"16 \u064a\u0648\u0646\u064a\u0648 2024","format":false,"excerpt":"D\u00e9but d'une Qu\u00eate \ud83d\udcdc Bronze Observateur Terrestre \ud83c\udf0d Vous d\u00e9butez votre voyage spatial en tant qu'Observateur Terrestre. Votre qu\u00eate commence par l'\u00e9tude des plan\u00e8tes et des \u00e9toiles brillantes dans l'obscurit\u00e9 infinie de l'univers.Chaque jour, vous vous connectez pour d\u00e9couvrir de nouvelles activit\u00e9s et cours. Vous regardez des vid\u00e9os et suivez\u2026","rel":"","context":"Similar post","block_context":{"text":"Similar post","link":""},"img":{"alt_text":"","src":"https:\/\/i0.wp.com\/parascolaire.ma\/wp-content\/uploads\/2024\/06\/Beginner-1-1024x1024.png?resize=350%2C200&ssl=1","width":350,"height":200,"srcset":"https:\/\/i0.wp.com\/parascolaire.ma\/wp-content\/uploads\/2024\/06\/Beginner-1-1024x1024.png?resize=350%2C200&ssl=1 1x, https:\/\/i0.wp.com\/parascolaire.ma\/wp-content\/uploads\/2024\/06\/Beginner-1-1024x1024.png?resize=525%2C300&ssl=1 1.5x, https:\/\/i0.wp.com\/parascolaire.ma\/wp-content\/uploads\/2024\/06\/Beginner-1-1024x1024.png?resize=700%2C400&ssl=1 2x"},"classes":[]},{"id":3289,"url":"https:\/\/parascolaire.ma\/ar\/\u0627\u0644\u0645\u0646\u0638\u0645\u0648\u0646\/","url_meta":{"origin":18973,"position":1},"title":"\u0627\u0644\u0645\u0646\u0638\u0645\u0648\u0646 \ud83d\udcbc","author":"Parascolaire","date":"13 \u0623\u0628\u0631\u064a\u0644 2021","format":false,"excerpt":"Organisateurs Parascolaires \ud83d\udcbc \ud83d\ude80 Les Pionniers Visionnaires \ud83d\udcbc de l'Univers Parascolaire \ud83c\udf1f Co-OrganisateursR\u00e9unions VirtuellesDonn\u00e9es AnalytiquesMailing List ExportableCertificats Automatis\u00e9sAnnonces Automatis\u00e9sRapports d'EngagementSupport Technique 7j Devenir Organisateur","rel":"","context":"Similar post","block_context":{"text":"Similar post","link":""},"img":{"alt_text":"","src":"https:\/\/i0.wp.com\/parascolaire.ma\/wp-content\/uploads\/2024\/07\/The-Organizer-Astronaut-1024x1024.png?resize=350%2C200&ssl=1","width":350,"height":200,"srcset":"https:\/\/i0.wp.com\/parascolaire.ma\/wp-content\/uploads\/2024\/07\/The-Organizer-Astronaut-1024x1024.png?resize=350%2C200&ssl=1 1x, https:\/\/i0.wp.com\/parascolaire.ma\/wp-content\/uploads\/2024\/07\/The-Organizer-Astronaut-1024x1024.png?resize=525%2C300&ssl=1 1.5x, https:\/\/i0.wp.com\/parascolaire.ma\/wp-content\/uploads\/2024\/07\/The-Organizer-Astronaut-1024x1024.png?resize=700%2C400&ssl=1 2x"},"classes":[]},{"id":664,"url":"https:\/\/parascolaire.ma\/ar\/\u0623\u0646\u0634\u0637\u0629\/","url_meta":{"origin":18973,"position":2},"title":"\u0627\u0644\u0623\u0646\u0634\u0637\u0629","author":"Parascolaire","date":"12 \u0623\u0628\u0631\u064a\u0644 2021","format":false,"excerpt":"Vos Activit\u00e9s Pr\u00e9f\u00e9r\u00e9es\ud83d\udd79\ufe0f \u2795 Des Certificats \ud83d\udcdc et R\u00e9compenses \ud83c\udf81 \u00c0 Tout Moment \u23f0 \u00c9v\u00e9nements Sports B\u00e9n\u00e9volat Langues Ateliers Formations \ud83d\udee0\ufe0f Ateliers Pratiques\ud83c\udf93 Conf\u00e9rences Intellectuelles\ud83c\udfab \u00c9venements Exclusifs\ud83c\udf10 Ma\u00eetrise de Langues\u26bd Sports Divers\u25b6\ufe0f Formations Virtuelles\ud83e\udd1d Opportunit\u00e9s de Volontariat\ud83c\udfb5 Activit\u00e9s Artistiques Activit\u00e9s Populaires \ud83d\udd25 \ud83d\udde3\ufe0f AUIS Debate Club \u2013 \u0646\u0627\u062f\u064a \u0627\u0644\u0645\u0646\u0627\u0638\u0631\u0629 \u0644\u0644\u062c\u0627\u0645\u0639\u0629\u2026","rel":"","context":"Similar post","block_context":{"text":"Similar post","link":""},"img":{"alt_text":"","src":"https:\/\/i0.wp.com\/parascolaire.ma\/wp-content\/uploads\/2024\/05\/astronott.png?resize=350%2C200&ssl=1","width":350,"height":200,"srcset":"https:\/\/i0.wp.com\/parascolaire.ma\/wp-content\/uploads\/2024\/05\/astronott.png?resize=350%2C200&ssl=1 1x, https:\/\/i0.wp.com\/parascolaire.ma\/wp-content\/uploads\/2024\/05\/astronott.png?resize=525%2C300&ssl=1 1.5x, https:\/\/i0.wp.com\/parascolaire.ma\/wp-content\/uploads\/2024\/05\/astronott.png?resize=700%2C400&ssl=1 2x"},"classes":[]},{"id":7386,"url":"https:\/\/parascolaire.ma\/ar\/marketplace\/","url_meta":{"origin":18973,"position":3},"title":"Page d&rsquo;Acceuil","author":"Parascolaire","date":"12 \u0623\u0628\u0631\u064a\u0644 2021","format":false,"excerpt":"Organisez Vos Propres Activit\u00e9s \u26bd \ud83e\udd4f Et Rejoignez D'Autres \u2728\ud83c\udfc6\u2728Animez Des R\u00e9unions \ud83c\udfa6 Invitez Des Participants \ud83e\udd1dPlannifiez Vos \u00c9v\u00e9nements \ud83d\uddd3\ufe0fCommuniquez Vos Annonces \ud83d\udce2Attribuez Des T\u00e2ches Et Quiz \ud83d\udccb\u00a0\u2712\ufe0fOffrez Des Certificats Personnalis\u00e9s\ud83e\udd47 Rejoindre Une Activit\u00e9 \u25b6\ufe0f Organiser Une Activit\u00e9\u00a0\ud83d\udcc6 Rendre L'\u00c9tudiant Marocain Un Candidat Excellent Pour \u2935\ufe0f Les Universit\u00e9s Mondiales \ud83c\udf0eLe\u2026","rel":"","context":"Similar post","block_context":{"text":"Similar post","link":""},"img":{"alt_text":"","src":"","width":0,"height":0},"classes":[]},{"id":7165,"url":"https:\/\/parascolaire.ma\/ar\/terms-and-conditions\/","url_meta":{"origin":18973,"position":4},"title":"\u0627\u0644\u0634\u0631\u0648\u0637 \u0648\u0627\u0644\u0623\u062d\u0643\u0627\u0645","author":"Parascolaire","date":"4 \u0645\u0627\u064a 2021","format":false,"excerpt":"Parascolaire Termes et Conditions TERMS AND CONDITIONSLast updated July 10, 2023AGREEMENT TO OUR LEGAL TERMSWe are Parascolaire (\"Company,\" \"we,\" \"us,\" \"our\"), a company registered in Morocco at , Casablanca.We operate the website https:\/\/parascolaire.ma (the \"Site\"), as well as any other related products and services that refer or link to these\u2026","rel":"","context":"Similar post","block_context":{"text":"Similar post","link":""},"img":{"alt_text":"","src":"","width":0,"height":0},"classes":[]},{"id":3626,"url":"https:\/\/parascolaire.ma\/ar\/privacy\/","url_meta":{"origin":18973,"position":5},"title":"\u0633\u064a\u0627\u0633\u0629 \u0627\u0644\u062e\u0635\u0648\u0635\u064a\u0629","author":"Parascolaire","date":"4 \u0645\u0627\u064a 2021","format":false,"excerpt":"Parascolaire Politique de Confidentialit\u00e9 PRIVACY POLICYLast updated July 10, 2023This privacy notice for Parascolaire (\"we,\" \"us,\" or \"our\"), describes how and why we might collect, store, use, and\/or share (\"process\") your information when you use our services (\"Services\"), such as when you:Visit our website at http:\/\/www.parascolaire.ma, or any website of\u2026","rel":"","context":"Similar post","block_context":{"text":"Similar post","link":""},"img":{"alt_text":"","src":"","width":0,"height":0},"classes":[]}],"jetpack_sharing_enabled":true,"_links":{"self":[{"href":"https:\/\/parascolaire.ma\/ar\/wp-json\/wp\/v2\/pages\/18973","targetHints":{"allow":["GET"]}}],"collection":[{"href":"https:\/\/parascolaire.ma\/ar\/wp-json\/wp\/v2\/pages"}],"about":[{"href":"https:\/\/parascolaire.ma\/ar\/wp-json\/wp\/v2\/types\/page"}],"author":[{"embeddable":true,"href":"https:\/\/parascolaire.ma\/ar\/wp-json\/wp\/v2\/users\/1"}],"replies":[{"embeddable":true,"href":"https:\/\/parascolaire.ma\/ar\/wp-json\/wp\/v2\/comments?post=18973"}],"version-history":[{"count":116,"href":"https:\/\/parascolaire.ma\/ar\/wp-json\/wp\/v2\/pages\/18973\/revisions"}],"predecessor-version":[{"id":21139,"href":"https:\/\/parascolaire.ma\/ar\/wp-json\/wp\/v2\/pages\/18973\/revisions\/21139"}],"wp:attachment":[{"href":"https:\/\/parascolaire.ma\/ar\/wp-json\/wp\/v2\/media?parent=18973"}],"curies":[{"name":"wp","href":"https:\/\/api.w.org\/{rel}","templated":true}]}}